{"id":7439,"date":"2022-06-28T17:32:43","date_gmt":"2022-06-28T16:32:43","guid":{"rendered":"https:\/\/yavaitcachezmeme.fr\/?page_id=7439"},"modified":"2023-12-31T08:24:00","modified_gmt":"2023-12-31T07:24:00","slug":"st-paul-de-fourques","status":"publish","type":"page","link":"https:\/\/yavaitcachezmeme.fr\/index.php\/autour-de-brionne\/st-paul-de-fourques\/","title":{"rendered":"St-Paul-de-Fourques"},"content":{"rendered":"<div style=\"font-size: 120%; font-family: georgia;\">\n<p style=\"text-align: justify;\">Situ\u00e9e au Nord-Est de Brionne, <span style=\"color: #ff6600;\"><strong>Saint-Paul-de-Fourques<\/strong><\/span> recense 282 habitants en 2019 contre 163 en 1911.<\/p>\n<p style=\"text-align: center;\"><span style=\"color: #ff6600;\"><strong>~o~<\/strong><\/span><\/p>\n<p><img loading=\"lazy\" decoding=\"async\" class=\"aligncenter wp-image-7430\" src=\"https:\/\/yavaitcachezmeme.fr\/wp-content\/uploads\/2022\/06\/ST-PAUL-DE-FOURQUES_H_001-600x379.jpg\" alt=\"\" width=\"820\" height=\"518\" srcset=\"https:\/\/yavaitcachezmeme.fr\/wp-content\/uploads\/2022\/06\/ST-PAUL-DE-FOURQUES_H_001-600x379.jpg 600w, https:\/\/yavaitcachezmeme.fr\/wp-content\/uploads\/2022\/06\/ST-PAUL-DE-FOURQUES_H_001-1024x647.jpg 1024w, https:\/\/yavaitcachezmeme.fr\/wp-content\/uploads\/2022\/06\/ST-PAUL-DE-FOURQUES_H_001-1536x970.jpg 1536w, https:\/\/yavaitcachezmeme.fr\/wp-content\/uploads\/2022\/06\/ST-PAUL-DE-FOURQUES_H_001.jpg 1628w\" sizes=\"auto, (max-width: 820px) 100vw, 820px\" \/><\/p>\n<p style=\"text-align: center;\">L&rsquo;\u00e9glise<\/p>\n<p><a href=\"https:\/\/www.google.com\/maps\/@49.2203901,0.7941314,3a,75y,38.08h,94.68t\/data=!3m6!1e1!3m4!1sHRhROiEeRdS5YCCjOd7Djg!2e0!7i16384!8i8192\" target=\"_blank\" rel=\"noopener\"><img loading=\"lazy\" decoding=\"async\" class=\"aligncenter wp-image-8272\" src=\"https:\/\/yavaitcachezmeme.fr\/wp-content\/uploads\/2022\/09\/unnamed.png\" alt=\"\" width=\"25\" height=\"25\" srcset=\"https:\/\/yavaitcachezmeme.fr\/wp-content\/uploads\/2022\/09\/unnamed.png 512w, https:\/\/yavaitcachezmeme.fr\/wp-content\/uploads\/2022\/09\/unnamed-150x150.png 150w\" sizes=\"auto, (max-width: 25px) 100vw, 25px\" \/><\/a><\/p>\n<p><img loading=\"lazy\" decoding=\"async\" class=\"aligncenter wp-image-9843\" src=\"https:\/\/yavaitcachezmeme.fr\/wp-content\/uploads\/2023\/04\/ST-PAUL-DE-FOURQUES_H_002-600x373.jpg\" alt=\"\" width=\"820\" height=\"510\" srcset=\"https:\/\/yavaitcachezmeme.fr\/wp-content\/uploads\/2023\/04\/ST-PAUL-DE-FOURQUES_H_002-600x373.jpg 600w, https:\/\/yavaitcachezmeme.fr\/wp-content\/uploads\/2023\/04\/ST-PAUL-DE-FOURQUES_H_002-1024x636.jpg 1024w, https:\/\/yavaitcachezmeme.fr\/wp-content\/uploads\/2023\/04\/ST-PAUL-DE-FOURQUES_H_002-1536x954.jpg 1536w, https:\/\/yavaitcachezmeme.fr\/wp-content\/uploads\/2023\/04\/ST-PAUL-DE-FOURQUES_H_002.jpg 1648w\" sizes=\"auto, (max-width: 820px) 100vw, 820px\" \/><\/p>\n<p style=\"text-align: center;\">Route de Saint \u00c9loi<\/p>\n<p style=\"text-align: center;\"><span style=\"color: #ff6600;\"><strong>~o~<\/strong><\/span><\/p>\n<p style=\"text-align: justify;\">Les communes de l&rsquo;ancien canton de <span style=\"color: #ff6600;\"><strong>Brionne<\/strong><\/span>, auxquelles j&rsquo;ai rajout\u00e9 <strong>Authou<\/strong> et <strong>Pont-Authou<\/strong> de l&rsquo;ancien canton de <strong>Montfort-sur-Risle<\/strong> \u00e0 visiter en cliquant sur les liens suivants :<\/p>\n<p style=\"text-align: justify;\"><strong><a href=\"https:\/\/yavaitcachezmeme.fr\/index.php\/autour-de-brionne\/aclou\/\">Aclou<\/a> &#8211; <a href=\"https:\/\/yavaitcachezmeme.fr\/index.php\/autour-de-brionne\/authou\/\">Authou<\/a> &#8211; <a href=\"https:\/\/yavaitcachezmeme.fr\/index.php\/autour-de-brionne\/le-bec-hellouin\/\">Le Bec-Hellouin<\/a> &#8211; <a href=\"https:\/\/yavaitcachezmeme.fr\/index.php\/autour-de-brionne\/berthouville\/\">Berthouville<\/a> &#8211; <a href=\"https:\/\/yavaitcachezmeme.fr\/index.php\/autour-de-brionne\/boisney\/\">Boisney<\/a> &#8211; <a href=\"https:\/\/yavaitcachezmeme.fr\/index.php\/autour-de-brionne\/bosrobert\/\">Bosrobert<\/a> &#8211; <a href=\"https:\/\/yavaitcachezmeme.fr\/index.php\/autour-de-brionne\/bretigny\/\">Br\u00e9tigny<\/a> &#8211; <a href=\"https:\/\/yavaitcachezmeme.fr\/index.php\/autour-de-brionne\/brionne\/\">Brionne<\/a> &#8211; <a href=\"https:\/\/yavaitcachezmeme.fr\/index.php\/autour-de-brionne\/calleville\/\">Calleville<\/a> &#8211; <a href=\"https:\/\/yavaitcachezmeme.fr\/index.php\/autour-de-brionne\/franqueville\/\">Franqueville<\/a> &#8211; <a href=\"https:\/\/yavaitcachezmeme.fr\/index.php\/autour-de-brionne\/harcourt\/\">Harcourt<\/a> &#8211; <a href=\"https:\/\/yavaitcachezmeme.fr\/index.php\/autour-de-brionne\/la-haye-de-calleville\/\">La Haye-de-Calleville<\/a> &#8211; <a href=\"https:\/\/yavaitcachezmeme.fr\/index.php\/autour-de-brionne\/hecmanville\/\">Hecmanville<\/a> &#8211; <a href=\"https:\/\/yavaitcachezmeme.fr\/index.php\/autour-de-brionne\/livet-sur-authou\/\">Livet-sur-Authou<\/a> &#8211; <a href=\"https:\/\/yavaitcachezmeme.fr\/index.php\/autour-de-brionne\/malleville-sur-le-bec\/\">Malleville-sur-le-Bec<\/a> &#8211; <a href=\"https:\/\/yavaitcachezmeme.fr\/index.php\/autour-de-brionne\/morsan\/\">Morsan<\/a> &#8211; <a href=\"https:\/\/yavaitcachezmeme.fr\/index.php\/autour-de-brionne\/la-neuville-du-bosc\/\">La Neuville-du-Bosc<\/a> &#8211; <a href=\"https:\/\/yavaitcachezmeme.fr\/index.php\/autour-de-brionne\/neuville-sur-authou\/\">Neuville-sur-Authou<\/a> &#8211; <a href=\"https:\/\/yavaitcachezmeme.fr\/index.php\/autour-de-brionne\/notre-dame-depine\/\">Notre-Dame-d&rsquo;\u00c9pine<\/a> &#8211; <a href=\"https:\/\/yavaitcachezmeme.fr\/index.php\/autour-de-brionne\/pont-authou\/\">Pont-Authou<\/a> &#8211; <a href=\"https:\/\/yavaitcachezmeme.fr\/index.php\/autour-de-brionne\/st-cyr-de-salerne\/\">St-Cyr-de-Salerne<\/a> &#8211; <a href=\"https:\/\/yavaitcachezmeme.fr\/index.php\/autour-de-brionne\/st-eloi-de-fourques\/\">St-Eloi-de-Fourques<\/a> &#8211; <a href=\"https:\/\/yavaitcachezmeme.fr\/index.php\/autour-de-brionne\/st-paul-de-fourques\/\">St-Paul-de-Fourques<\/a> &#8211; <a href=\"https:\/\/yavaitcachezmeme.fr\/index.php\/autour-de-brionne\/st-pierre-de-salerne\/\">St-Pierre-de-Salerne<\/a> &#8211; <a href=\"https:\/\/yavaitcachezmeme.fr\/index.php\/autour-de-brionne\/st-victor-depine\/\">St-Victor-d&rsquo;\u00c9pine<\/a><\/strong><\/p>\n<p><img loading=\"lazy\" decoding=\"async\" class=\"aligncenter wp-image-6267\" src=\"https:\/\/yavaitcachezmeme.fr\/wp-content\/uploads\/2021\/12\/Autour-de-Brionne-600x400.jpg\" alt=\"\" width=\"800\" height=\"533\" srcset=\"https:\/\/yavaitcachezmeme.fr\/wp-content\/uploads\/2021\/12\/Autour-de-Brionne-600x400.jpg 600w, https:\/\/yavaitcachezmeme.fr\/wp-content\/uploads\/2021\/12\/Autour-de-Brionne-1024x683.jpg 1024w, https:\/\/yavaitcachezmeme.fr\/wp-content\/uploads\/2021\/12\/Autour-de-Brionne-1536x1024.jpg 1536w, https:\/\/yavaitcachezmeme.fr\/wp-content\/uploads\/2021\/12\/Autour-de-Brionne-2048x1365.jpg 2048w\" sizes=\"auto, (max-width: 800px) 100vw, 800px\" \/><\/p>\n<\/div>\n","protected":false},"excerpt":{"rendered":"<p>Situ\u00e9e au Nord-Est de Brionne, Saint-Paul-de-Fourques recense 282 habitants en 2019 contre 163 en 1911. ~o~ L&rsquo;\u00e9glise Route de Saint \u00c9loi ~o~ Les&#8230;<\/p>\n","protected":false},"author":1,"featured_media":0,"parent":6087,"menu_order":584,"comment_status":"closed","ping_status":"closed","template":"","meta":{"footnotes":""},"class_list":["post-7439","page","type-page","status-publish","hentry"],"_links":{"self":[{"href":"https:\/\/yavaitcachezmeme.fr\/index.php\/wp-json\/wp\/v2\/pages\/7439","targetHints":{"allow":["GET"]}}],"collection":[{"href":"https:\/\/yavaitcachezmeme.fr\/index.php\/wp-json\/wp\/v2\/pages"}],"about":[{"href":"https:\/\/yavaitcachezmeme.fr\/index.php\/wp-json\/wp\/v2\/types\/page"}],"author":[{"embeddable":true,"href":"https:\/\/yavaitcachezmeme.fr\/index.php\/wp-json\/wp\/v2\/users\/1"}],"replies":[{"embeddable":true,"href":"https:\/\/yavaitcachezmeme.fr\/index.php\/wp-json\/wp\/v2\/comments?post=7439"}],"version-history":[{"count":11,"href":"https:\/\/yavaitcachezmeme.fr\/index.php\/wp-json\/wp\/v2\/pages\/7439\/revisions"}],"predecessor-version":[{"id":11625,"href":"https:\/\/yavaitcachezmeme.fr\/index.php\/wp-json\/wp\/v2\/pages\/7439\/revisions\/11625"}],"up":[{"embeddable":true,"href":"https:\/\/yavaitcachezmeme.fr\/index.php\/wp-json\/wp\/v2\/pages\/6087"}],"wp:attachment":[{"href":"https:\/\/yavaitcachezmeme.fr\/index.php\/wp-json\/wp\/v2\/media?parent=7439"}],"curies":[{"name":"wp","href":"https:\/\/api.w.org\/{rel}","templated":true}]}}