{"id":7688,"date":"2022-07-27T14:49:34","date_gmt":"2022-07-27T13:49:34","guid":{"rendered":"https:\/\/yavaitcachezmeme.fr\/?page_id=7688"},"modified":"2025-12-17T19:29:11","modified_gmt":"2025-12-17T18:29:11","slug":"combon","status":"publish","type":"page","link":"https:\/\/yavaitcachezmeme.fr\/index.php\/autour-de-beaumont\/combon\/","title":{"rendered":"Combon"},"content":{"rendered":"<div style=\"font-size: 120%; font-family: georgia;\">\n<p style=\"text-align: justify;\">Situ\u00e9e au Nord-Est de Beaumont-le-Roger, <span style=\"color: #ff6600;\"><strong>Combon<\/strong><\/span> recense 819 habitants en 2019 contre 480 en 1911.<\/p>\n<p style=\"text-align: center;\"><span style=\"color: #ff6600;\"><strong>~o~<\/strong><\/span><\/p>\n<p><img loading=\"lazy\" decoding=\"async\" class=\"aligncenter wp-image-7866\" src=\"https:\/\/yavaitcachezmeme.fr\/wp-content\/uploads\/2022\/08\/COMBON_V_001-386x600.jpg\" alt=\"\" width=\"482\" height=\"750\" srcset=\"https:\/\/yavaitcachezmeme.fr\/wp-content\/uploads\/2022\/08\/COMBON_V_001-386x600.jpg 386w, https:\/\/yavaitcachezmeme.fr\/wp-content\/uploads\/2022\/08\/COMBON_V_001-658x1024.jpg 658w, https:\/\/yavaitcachezmeme.fr\/wp-content\/uploads\/2022\/08\/COMBON_V_001-988x1536.jpg 988w, https:\/\/yavaitcachezmeme.fr\/wp-content\/uploads\/2022\/08\/COMBON_V_001.jpg 1039w\" sizes=\"auto, (max-width: 482px) 100vw, 482px\" \/><\/p>\n<p style=\"text-align: center;\">L&rsquo;\u00e9glise<\/p>\n<p><img loading=\"lazy\" decoding=\"async\" class=\"aligncenter wp-image-7681\" src=\"https:\/\/yavaitcachezmeme.fr\/wp-content\/uploads\/2022\/07\/COMBON_H_001-600x381.jpg\" alt=\"\" width=\"820\" height=\"520\" srcset=\"https:\/\/yavaitcachezmeme.fr\/wp-content\/uploads\/2022\/07\/COMBON_H_001-600x381.jpg 600w, https:\/\/yavaitcachezmeme.fr\/wp-content\/uploads\/2022\/07\/COMBON_H_001-1024x650.jpg 1024w, https:\/\/yavaitcachezmeme.fr\/wp-content\/uploads\/2022\/07\/COMBON_H_001-1536x975.jpg 1536w, https:\/\/yavaitcachezmeme.fr\/wp-content\/uploads\/2022\/07\/COMBON_H_001.jpg 1620w\" sizes=\"auto, (max-width: 820px) 100vw, 820px\" \/><\/p>\n<p style=\"text-align: center;\">La Mairie-\u00c9cole<\/p>\n<p><img loading=\"lazy\" decoding=\"async\" class=\"aligncenter wp-image-12602\" src=\"https:\/\/yavaitcachezmeme.fr\/wp-content\/uploads\/2024\/12\/COMBON_H_002-600x381.jpg\" alt=\"\" width=\"820\" height=\"521\" srcset=\"https:\/\/yavaitcachezmeme.fr\/wp-content\/uploads\/2024\/12\/COMBON_H_002-600x381.jpg 600w, https:\/\/yavaitcachezmeme.fr\/wp-content\/uploads\/2024\/12\/COMBON_H_002-1024x650.jpg 1024w, https:\/\/yavaitcachezmeme.fr\/wp-content\/uploads\/2024\/12\/COMBON_H_002-1536x975.jpg 1536w, https:\/\/yavaitcachezmeme.fr\/wp-content\/uploads\/2024\/12\/COMBON_H_002.jpg 1632w\" sizes=\"auto, (max-width: 820px) 100vw, 820px\" \/><\/p>\n<p style=\"text-align: center;\">La mare communale<\/p>\n<p><a href=\"https:\/\/www.google.com\/maps\/@49.1001621,0.8864761,3a,90y,334.69h,88.44t\/data=!3m7!1e1!3m5!1s7hPS_J2NuYRKv6P9ZaecGA!2e0!6shttps:%2F%2Fstreetviewpixels-pa.googleapis.com%2Fv1%2Fthumbnail%3Fcb_client%3Dmaps_sv.tactile%26w%3D900%26h%3D600%26pitch%3D1.556292897047328%26panoid%3D7hPS_J2NuYRKv6P9ZaecGA%26yaw%3D334.692578896073!7i16384!8i8192?entry=ttu&amp;g_ep=EgoyMDI0MTIwNC4wIKXMDSoASAFQAw%3D%3D\" target=\"_blank\" rel=\"noopener\"><img loading=\"lazy\" decoding=\"async\" class=\"aligncenter wp-image-8272\" src=\"https:\/\/yavaitcachezmeme.fr\/wp-content\/uploads\/2022\/09\/unnamed.png\" alt=\"\" width=\"25\" height=\"25\" srcset=\"https:\/\/yavaitcachezmeme.fr\/wp-content\/uploads\/2022\/09\/unnamed.png 512w, https:\/\/yavaitcachezmeme.fr\/wp-content\/uploads\/2022\/09\/unnamed-150x150.png 150w\" sizes=\"auto, (max-width: 25px) 100vw, 25px\" \/><\/a><\/p>\n<p><img loading=\"lazy\" decoding=\"async\" class=\"aligncenter wp-image-12623\" src=\"https:\/\/yavaitcachezmeme.fr\/wp-content\/uploads\/2024\/12\/COMBON_H_003-600x355.jpg\" alt=\"\" width=\"820\" height=\"485\" srcset=\"https:\/\/yavaitcachezmeme.fr\/wp-content\/uploads\/2024\/12\/COMBON_H_003-600x355.jpg 600w, https:\/\/yavaitcachezmeme.fr\/wp-content\/uploads\/2024\/12\/COMBON_H_003-1024x606.jpg 1024w, https:\/\/yavaitcachezmeme.fr\/wp-content\/uploads\/2024\/12\/COMBON_H_003-1536x909.jpg 1536w, https:\/\/yavaitcachezmeme.fr\/wp-content\/uploads\/2024\/12\/COMBON_H_003.jpg 1616w\" sizes=\"auto, (max-width: 820px) 100vw, 820px\" \/><\/p>\n<p style=\"text-align: center;\">La mare Guerbout<\/p>\n<p><img loading=\"lazy\" decoding=\"async\" class=\"aligncenter wp-image-7865\" src=\"https:\/\/yavaitcachezmeme.fr\/wp-content\/uploads\/2022\/08\/COMBON_HM_001-600x415.jpg\" alt=\"\" width=\"820\" height=\"567\" srcset=\"https:\/\/yavaitcachezmeme.fr\/wp-content\/uploads\/2022\/08\/COMBON_HM_001-600x415.jpg 600w, https:\/\/yavaitcachezmeme.fr\/wp-content\/uploads\/2022\/08\/COMBON_HM_001-1024x708.jpg 1024w, https:\/\/yavaitcachezmeme.fr\/wp-content\/uploads\/2022\/08\/COMBON_HM_001-1536x1063.jpg 1536w, https:\/\/yavaitcachezmeme.fr\/wp-content\/uploads\/2022\/08\/COMBON_HM_001.jpg 1752w\" sizes=\"auto, (max-width: 820px) 100vw, 820px\" \/><\/p>\n<p style=\"text-align: center;\">Bar H\u00f4tel Restaurant &#8211; Le Petit Baril<\/p>\n<p><a href=\"https:\/\/www.google.com\/maps\/@49.1171169,0.873572,3a,53.5y,318.4h,83.35t\/data=!3m6!1e1!3m4!1sk_6HnvWcL5mL0iAw4kyzFQ!2e0!7i16384!8i8192\" target=\"_blank\" rel=\"noopener\"><img loading=\"lazy\" decoding=\"async\" class=\"aligncenter wp-image-8272\" src=\"https:\/\/yavaitcachezmeme.fr\/wp-content\/uploads\/2022\/09\/unnamed.png\" alt=\"\" width=\"25\" height=\"25\" srcset=\"https:\/\/yavaitcachezmeme.fr\/wp-content\/uploads\/2022\/09\/unnamed.png 512w, https:\/\/yavaitcachezmeme.fr\/wp-content\/uploads\/2022\/09\/unnamed-150x150.png 150w\" sizes=\"auto, (max-width: 25px) 100vw, 25px\" \/><\/a><\/p>\n<p><img loading=\"lazy\" decoding=\"async\" class=\"aligncenter wp-image-12271\" src=\"https:\/\/yavaitcachezmeme.fr\/wp-content\/uploads\/2024\/11\/COMBON_HM_002-600x413.jpg\" alt=\"\" width=\"820\" height=\"564\" srcset=\"https:\/\/yavaitcachezmeme.fr\/wp-content\/uploads\/2024\/11\/COMBON_HM_002-600x413.jpg 600w, https:\/\/yavaitcachezmeme.fr\/wp-content\/uploads\/2024\/11\/COMBON_HM_002-1024x704.jpg 1024w, https:\/\/yavaitcachezmeme.fr\/wp-content\/uploads\/2024\/11\/COMBON_HM_002-1536x1056.jpg 1536w, https:\/\/yavaitcachezmeme.fr\/wp-content\/uploads\/2024\/11\/COMBON_HM_002.jpg 1728w\" sizes=\"auto, (max-width: 820px) 100vw, 820px\" \/><\/p>\n<p style=\"text-align: center;\">Vue a\u00e9rienne<\/p>\n<p><img loading=\"lazy\" decoding=\"async\" class=\"aligncenter wp-image-13300\" src=\"https:\/\/yavaitcachezmeme.fr\/wp-content\/uploads\/2025\/12\/COMBON_P-H_001-recto-600x462.jpg\" alt=\"\" width=\"702\" height=\"540\" srcset=\"https:\/\/yavaitcachezmeme.fr\/wp-content\/uploads\/2025\/12\/COMBON_P-H_001-recto-600x462.jpg 600w, https:\/\/yavaitcachezmeme.fr\/wp-content\/uploads\/2025\/12\/COMBON_P-H_001-recto-1024x788.jpg 1024w, https:\/\/yavaitcachezmeme.fr\/wp-content\/uploads\/2025\/12\/COMBON_P-H_001-recto.jpg 1535w\" sizes=\"auto, (max-width: 702px) 100vw, 702px\" \/><\/p>\n<p style=\"text-align: center;\">Le merle blanc de Combon &#8211; 1959<\/p>\n<p><img loading=\"lazy\" decoding=\"async\" class=\"aligncenter wp-image-13301\" src=\"https:\/\/yavaitcachezmeme.fr\/wp-content\/uploads\/2025\/12\/COMBON_P-H_001-verso-600x462.jpg\" alt=\"\" width=\"702\" height=\"540\" srcset=\"https:\/\/yavaitcachezmeme.fr\/wp-content\/uploads\/2025\/12\/COMBON_P-H_001-verso-600x462.jpg 600w, https:\/\/yavaitcachezmeme.fr\/wp-content\/uploads\/2025\/12\/COMBON_P-H_001-verso-1024x788.jpg 1024w, https:\/\/yavaitcachezmeme.fr\/wp-content\/uploads\/2025\/12\/COMBON_P-H_001-verso.jpg 1535w\" sizes=\"auto, (max-width: 702px) 100vw, 702px\" \/><\/p>\n<p style=\"text-align: center;\">Au dos de la photo<\/p>\n<p style=\"text-align: center;\"><span style=\"color: #ff6600;\"><strong>~o~<\/strong><\/span><\/p>\n<p style=\"text-align: justify;\">Les communes de l&rsquo;ancien canton de <span style=\"color: #ff6600;\"><strong>Beaumont-le-Roger<\/strong><\/span>, auxquelles j&rsquo;ai rajout\u00e9 <strong>La Ferri\u00e8re-sur-Risle<\/strong> de l&rsquo;ancien canton de <strong>Conches-en-Ouche<\/strong> \u00e0 visiter en cliquant sur les liens suivants :<\/p>\n<p style=\"text-align: justify;\"><strong><a href=\"https:\/\/yavaitcachezmeme.fr\/index.php\/autour-de-beaumont\/barc\/\">Barc<\/a> &#8211; <a href=\"https:\/\/yavaitcachezmeme.fr\/index.php\/autour-de-beaumont\/barquet\/\">Barquet<\/a> &#8211;\u00a0<a href=\"https:\/\/yavaitcachezmeme.fr\/index.php\/autour-de-beaumont\/beaumontel\/\">Beaumontel<\/a>\u00a0 &#8211; <a href=\"https:\/\/yavaitcachezmeme.fr\/index.php\/autour-de-beaumont\/beaumont-le-roger\/\">Beaumont-le-Roger<\/a> &#8211; <a href=\"https:\/\/yavaitcachezmeme.fr\/index.php\/autour-de-beaumont\/bray\/\">Bray<\/a> &#8211; <a href=\"https:\/\/yavaitcachezmeme.fr\/index.php\/autour-de-beaumont\/combon\/\">Combon<\/a> &#8211; <a href=\"https:\/\/yavaitcachezmeme.fr\/index.php\/autour-de-beaumont\/ecardenville-la-campagne\/\">Ecardenville-la-Campagne<\/a> &#8211; <a href=\"https:\/\/yavaitcachezmeme.fr\/index.php\/autour-de-beaumont\/la-ferriere-sur-risle\/\">La Ferri\u00e8re-sur-Risle<\/a> &#8211; <a href=\"https:\/\/yavaitcachezmeme.fr\/index.php\/autour-de-beaumont\/fontaine-la-soret\/\">Fontaine-la-Soret<\/a> &#8211; <a href=\"https:\/\/yavaitcachezmeme.fr\/index.php\/autour-de-beaumont\/goupillieres\/\">Goupilli\u00e8res<\/a> &#8211; <a href=\"https:\/\/yavaitcachezmeme.fr\/index.php\/autour-de-beaumont\/grosley-sur-risle\/\">Grosley-sur-Risle<\/a> &#8211; <a href=\"https:\/\/yavaitcachezmeme.fr\/index.php\/autour-de-beaumont\/la-houssaye\/\">La Houssaye<\/a> &#8211;\u00a0 <a href=\"https:\/\/yavaitcachezmeme.fr\/index.php\/autour-de-beaumont\/launay\/\">Launay<\/a> &#8211; <a href=\"https:\/\/yavaitcachezmeme.fr\/index.php\/autour-de-beaumont\/nassandres\/\">Nassandres<\/a> &#8211; <a href=\"https:\/\/yavaitcachezmeme.fr\/index.php\/autour-de-beaumont\/le-plessis-sainte-opportune\/\">Le Plessis-Ste-Opportune<\/a> &#8211; <a href=\"https:\/\/yavaitcachezmeme.fr\/index.php\/autour-de-beaumont\/romilly-la-puthenaye\/\">Romilly-la-Puthenaye<\/a> &#8211; <a href=\"https:\/\/yavaitcachezmeme.fr\/index.php\/autour-de-beaumont\/rouge-perriers\/\">Rouge-Perriers<\/a> &#8211; <a href=\"https:\/\/yavaitcachezmeme.fr\/index.php\/autour-de-beaumont\/st-opportune-du-bosc\/\">Ste-Opportune-du-Bosc<\/a> &#8211; <a href=\"https:\/\/yavaitcachezmeme.fr\/index.php\/autour-de-beaumont\/thibouville\/\">Thibouville<\/a> &#8211; <a href=\"https:\/\/yavaitcachezmeme.fr\/index.php\/autour-de-beaumont\/tilleul-dame-agnes\/\">Tilleul-Dame-Agn\u00e8s<\/a> &#8211; <a href=\"https:\/\/yavaitcachezmeme.fr\/index.php\/autour-de-beaumont\/le-tilleul-othon\/\">Le Tilleul-Othon<\/a><\/strong><\/p>\n<p style=\"text-align: justify;\"><img loading=\"lazy\" decoding=\"async\" class=\"aligncenter wp-image-6266\" src=\"https:\/\/yavaitcachezmeme.fr\/wp-content\/uploads\/2021\/12\/Autour-de-Beaumont-600x400.jpg\" alt=\"\" width=\"800\" height=\"533\" srcset=\"https:\/\/yavaitcachezmeme.fr\/wp-content\/uploads\/2021\/12\/Autour-de-Beaumont-600x400.jpg 600w, https:\/\/yavaitcachezmeme.fr\/wp-content\/uploads\/2021\/12\/Autour-de-Beaumont-1024x683.jpg 1024w, https:\/\/yavaitcachezmeme.fr\/wp-content\/uploads\/2021\/12\/Autour-de-Beaumont-1536x1024.jpg 1536w, https:\/\/yavaitcachezmeme.fr\/wp-content\/uploads\/2021\/12\/Autour-de-Beaumont-2048x1365.jpg 2048w\" sizes=\"auto, (max-width: 800px) 100vw, 800px\" \/><\/p>\n<\/div>\n","protected":false},"excerpt":{"rendered":"<p>Situ\u00e9e au Nord-Est de Beaumont-le-Roger, Combon recense 819 habitants en 2019 contre 480 en 1911. ~o~ L&rsquo;\u00e9glise La Mairie-\u00c9cole La mare communale La&#8230;<\/p>\n","protected":false},"author":1,"featured_media":0,"parent":5854,"menu_order":164,"comment_status":"closed","ping_status":"closed","template":"","meta":{"footnotes":""},"class_list":["post-7688","page","type-page","status-publish","hentry"],"_links":{"self":[{"href":"https:\/\/yavaitcachezmeme.fr\/index.php\/wp-json\/wp\/v2\/pages\/7688","targetHints":{"allow":["GET"]}}],"collection":[{"href":"https:\/\/yavaitcachezmeme.fr\/index.php\/wp-json\/wp\/v2\/pages"}],"about":[{"href":"https:\/\/yavaitcachezmeme.fr\/index.php\/wp-json\/wp\/v2\/types\/page"}],"author":[{"embeddable":true,"href":"https:\/\/yavaitcachezmeme.fr\/index.php\/wp-json\/wp\/v2\/users\/1"}],"replies":[{"embeddable":true,"href":"https:\/\/yavaitcachezmeme.fr\/index.php\/wp-json\/wp\/v2\/comments?post=7688"}],"version-history":[{"count":21,"href":"https:\/\/yavaitcachezmeme.fr\/index.php\/wp-json\/wp\/v2\/pages\/7688\/revisions"}],"predecessor-version":[{"id":13302,"href":"https:\/\/yavaitcachezmeme.fr\/index.php\/wp-json\/wp\/v2\/pages\/7688\/revisions\/13302"}],"up":[{"embeddable":true,"href":"https:\/\/yavaitcachezmeme.fr\/index.php\/wp-json\/wp\/v2\/pages\/5854"}],"wp:attachment":[{"href":"https:\/\/yavaitcachezmeme.fr\/index.php\/wp-json\/wp\/v2\/media?parent=7688"}],"curies":[{"name":"wp","href":"https:\/\/api.w.org\/{rel}","templated":true}]}}