{"id":7690,"date":"2022-07-27T14:54:10","date_gmt":"2022-07-27T13:54:10","guid":{"rendered":"https:\/\/yavaitcachezmeme.fr\/?page_id=7690"},"modified":"2025-02-22T07:03:31","modified_gmt":"2025-02-22T06:03:31","slug":"romilly-la-puthenaye","status":"publish","type":"page","link":"https:\/\/yavaitcachezmeme.fr\/index.php\/autour-de-beaumont\/romilly-la-puthenaye\/","title":{"rendered":"Romilly-la-Puthenaye"},"content":{"rendered":"<div style=\"font-size: 120%; font-family: georgia;\">\n<p style=\"text-align: justify;\">Situ\u00e9e au Sud-Est de Beaumont-le-Roger, <span style=\"color: #ff6600;\"><strong>Romilly-la-Puthenaye<\/strong><\/span> recense 317 habitants en 2019 contre 311 en 1911.<\/p>\n<p style=\"text-align: center;\"><span style=\"color: #ff6600;\"><strong>~o~<\/strong><\/span><\/p>\n<p style=\"text-align: center;\"><img loading=\"lazy\" decoding=\"async\" class=\"aligncenter wp-image-7822\" src=\"https:\/\/yavaitcachezmeme.fr\/wp-content\/uploads\/2022\/08\/ROMILLY-LA-PUTHENAYE_H_003-600x379.jpg\" alt=\"\" width=\"820\" height=\"518\" srcset=\"https:\/\/yavaitcachezmeme.fr\/wp-content\/uploads\/2022\/08\/ROMILLY-LA-PUTHENAYE_H_003-600x379.jpg 600w, https:\/\/yavaitcachezmeme.fr\/wp-content\/uploads\/2022\/08\/ROMILLY-LA-PUTHENAYE_H_003-1024x646.jpg 1024w, https:\/\/yavaitcachezmeme.fr\/wp-content\/uploads\/2022\/08\/ROMILLY-LA-PUTHENAYE_H_003-1536x970.jpg 1536w, https:\/\/yavaitcachezmeme.fr\/wp-content\/uploads\/2022\/08\/ROMILLY-LA-PUTHENAYE_H_003.jpg 1616w\" sizes=\"auto, (max-width: 820px) 100vw, 820px\" \/><\/p>\n<p style=\"text-align: center;\">La gare &#8211; Le b\u00e2timent a \u00e9t\u00e9 d\u00e9truit mais l&rsquo;arr\u00eat subsiste<\/p>\n<p><img loading=\"lazy\" decoding=\"async\" class=\"aligncenter wp-image-7871\" src=\"https:\/\/yavaitcachezmeme.fr\/wp-content\/uploads\/2022\/08\/ROMILLY-LA-PUTHENAYE_H_004-600x372.jpg\" alt=\"\" width=\"820\" height=\"509\" srcset=\"https:\/\/yavaitcachezmeme.fr\/wp-content\/uploads\/2022\/08\/ROMILLY-LA-PUTHENAYE_H_004-600x372.jpg 600w, https:\/\/yavaitcachezmeme.fr\/wp-content\/uploads\/2022\/08\/ROMILLY-LA-PUTHENAYE_H_004-1024x636.jpg 1024w, https:\/\/yavaitcachezmeme.fr\/wp-content\/uploads\/2022\/08\/ROMILLY-LA-PUTHENAYE_H_004-1536x953.jpg 1536w, https:\/\/yavaitcachezmeme.fr\/wp-content\/uploads\/2022\/08\/ROMILLY-LA-PUTHENAYE_H_004.jpg 1624w\" sizes=\"auto, (max-width: 820px) 100vw, 820px\" \/><\/p>\n<p style=\"text-align: center;\">Impasse de la gare &#8211; L&rsquo;h\u00f4tel de la gare<\/p>\n<p><a href=\"https:\/\/www.google.com\/maps\/@49.003488,0.8561136,3a,65.3y,339.86h,97.75t\/data=!3m7!1e1!3m5!1sU6Jejcy31QmZqf2qArFgOQ!2e0!6shttps:%2F%2Fstreetviewpixels-pa.googleapis.com%2Fv1%2Fthumbnail%3Fpanoid%3DU6Jejcy31QmZqf2qArFgOQ%26cb_client%3Dmaps_sv.tactile.gps%26w%3D203%26h%3D100%26yaw%3D156.11046%26pitch%3D0%26thumbfov%3D100!7i13312!8i6656\" target=\"_blank\" rel=\"noopener\"><img loading=\"lazy\" decoding=\"async\" class=\"aligncenter wp-image-8272\" src=\"https:\/\/yavaitcachezmeme.fr\/wp-content\/uploads\/2022\/09\/unnamed.png\" alt=\"\" width=\"25\" height=\"25\" srcset=\"https:\/\/yavaitcachezmeme.fr\/wp-content\/uploads\/2022\/09\/unnamed.png 512w, https:\/\/yavaitcachezmeme.fr\/wp-content\/uploads\/2022\/09\/unnamed-150x150.png 150w\" sizes=\"auto, (max-width: 25px) 100vw, 25px\" \/><\/a><\/p>\n<p><img loading=\"lazy\" decoding=\"async\" class=\"aligncenter wp-image-12128\" src=\"https:\/\/yavaitcachezmeme.fr\/wp-content\/uploads\/2024\/08\/ROMILLY-LA-PUTHENAYE_H_010-600x380.jpg\" alt=\"\" width=\"820\" height=\"520\" srcset=\"https:\/\/yavaitcachezmeme.fr\/wp-content\/uploads\/2024\/08\/ROMILLY-LA-PUTHENAYE_H_010-600x380.jpg 600w, https:\/\/yavaitcachezmeme.fr\/wp-content\/uploads\/2024\/08\/ROMILLY-LA-PUTHENAYE_H_010-1024x649.jpg 1024w, https:\/\/yavaitcachezmeme.fr\/wp-content\/uploads\/2024\/08\/ROMILLY-LA-PUTHENAYE_H_010-1536x973.jpg 1536w, https:\/\/yavaitcachezmeme.fr\/wp-content\/uploads\/2024\/08\/ROMILLY-LA-PUTHENAYE_H_010.jpg 1616w\" sizes=\"auto, (max-width: 820px) 100vw, 820px\" \/><\/p>\n<p style=\"text-align: center;\">Rue de l&rsquo;\u00e9cole &#8211; Le Carrefour<\/p>\n<p><a href=\"https:\/\/www.google.com\/maps\/@49.0019531,0.847331,3a,54.3y,276.21h,94.49t\/data=!3m6!1e1!3m4!1sAzH8I6djWEkC-tJDEatzhw!2e0!7i16384!8i8192?coh=205409&amp;entry=ttu\" target=\"_blank\" rel=\"noopener\"><img loading=\"lazy\" decoding=\"async\" class=\"aligncenter wp-image-8272\" src=\"https:\/\/yavaitcachezmeme.fr\/wp-content\/uploads\/2022\/09\/unnamed.png\" alt=\"\" width=\"25\" height=\"25\" srcset=\"https:\/\/yavaitcachezmeme.fr\/wp-content\/uploads\/2022\/09\/unnamed.png 512w, https:\/\/yavaitcachezmeme.fr\/wp-content\/uploads\/2022\/09\/unnamed-150x150.png 150w\" sizes=\"auto, (max-width: 25px) 100vw, 25px\" \/><\/a><\/p>\n<p><img loading=\"lazy\" decoding=\"async\" class=\"aligncenter wp-image-7970\" src=\"https:\/\/yavaitcachezmeme.fr\/wp-content\/uploads\/2022\/08\/ROMILLY-LA-PUTHENAYE_H_007-600x372.jpg\" alt=\"\" width=\"820\" height=\"508\" srcset=\"https:\/\/yavaitcachezmeme.fr\/wp-content\/uploads\/2022\/08\/ROMILLY-LA-PUTHENAYE_H_007-600x372.jpg 600w, https:\/\/yavaitcachezmeme.fr\/wp-content\/uploads\/2022\/08\/ROMILLY-LA-PUTHENAYE_H_007-1024x634.jpg 1024w, https:\/\/yavaitcachezmeme.fr\/wp-content\/uploads\/2022\/08\/ROMILLY-LA-PUTHENAYE_H_007-1536x952.jpg 1536w, https:\/\/yavaitcachezmeme.fr\/wp-content\/uploads\/2022\/08\/ROMILLY-LA-PUTHENAYE_H_007.jpg 1640w\" sizes=\"auto, (max-width: 820px) 100vw, 820px\" \/><\/p>\n<p style=\"text-align: center;\">Rue de la Mairie &#8211; Mairie et \u00e9cole<\/p>\n<p><a href=\"https:\/\/www.google.com\/maps\/@49.0020271,0.8468605,3a,90y,18.77h,88.82t\/data=!3m6!1e1!3m4!1sy78SAfmX2voJDpjIUCswtA!2e0!7i13312!8i6656\" target=\"_blank\" rel=\"noopener\"><img loading=\"lazy\" decoding=\"async\" class=\"aligncenter wp-image-8272\" src=\"https:\/\/yavaitcachezmeme.fr\/wp-content\/uploads\/2022\/09\/unnamed.png\" alt=\"\" width=\"25\" height=\"25\" srcset=\"https:\/\/yavaitcachezmeme.fr\/wp-content\/uploads\/2022\/09\/unnamed.png 512w, https:\/\/yavaitcachezmeme.fr\/wp-content\/uploads\/2022\/09\/unnamed-150x150.png 150w\" sizes=\"auto, (max-width: 25px) 100vw, 25px\" \/><\/a><\/p>\n<p><img loading=\"lazy\" decoding=\"async\" class=\"aligncenter wp-image-7682\" src=\"https:\/\/yavaitcachezmeme.fr\/wp-content\/uploads\/2022\/07\/ROMILLY-LA-PUTHENAYE_H_001-600x383.jpg\" alt=\"\" width=\"820\" height=\"524\" srcset=\"https:\/\/yavaitcachezmeme.fr\/wp-content\/uploads\/2022\/07\/ROMILLY-LA-PUTHENAYE_H_001-600x383.jpg 600w, https:\/\/yavaitcachezmeme.fr\/wp-content\/uploads\/2022\/07\/ROMILLY-LA-PUTHENAYE_H_001-1024x654.jpg 1024w, https:\/\/yavaitcachezmeme.fr\/wp-content\/uploads\/2022\/07\/ROMILLY-LA-PUTHENAYE_H_001-1536x982.jpg 1536w, https:\/\/yavaitcachezmeme.fr\/wp-content\/uploads\/2022\/07\/ROMILLY-LA-PUTHENAYE_H_001.jpg 1596w\" sizes=\"auto, (max-width: 820px) 100vw, 820px\" \/><\/p>\n<p style=\"text-align: center;\">Rue de la Mairie &#8211; Bureau de Poste et Mairie<\/p>\n<p><img loading=\"lazy\" decoding=\"async\" class=\"aligncenter wp-image-9711\" src=\"https:\/\/yavaitcachezmeme.fr\/wp-content\/uploads\/2023\/03\/ROMILLY-LA-PUTHENAYE_H_009-600x384.jpg\" alt=\"\" width=\"820\" height=\"524\" srcset=\"https:\/\/yavaitcachezmeme.fr\/wp-content\/uploads\/2023\/03\/ROMILLY-LA-PUTHENAYE_H_009-600x384.jpg 600w, https:\/\/yavaitcachezmeme.fr\/wp-content\/uploads\/2023\/03\/ROMILLY-LA-PUTHENAYE_H_009-1024x655.jpg 1024w, https:\/\/yavaitcachezmeme.fr\/wp-content\/uploads\/2023\/03\/ROMILLY-LA-PUTHENAYE_H_009-1536x982.jpg 1536w, https:\/\/yavaitcachezmeme.fr\/wp-content\/uploads\/2023\/03\/ROMILLY-LA-PUTHENAYE_H_009.jpg 1608w\" sizes=\"auto, (max-width: 820px) 100vw, 820px\" \/><\/p>\n<p style=\"text-align: center;\">Rue de la Mairie &#8211; Place Publique<\/p>\n<p><img loading=\"lazy\" decoding=\"async\" class=\"aligncenter wp-image-7908\" src=\"https:\/\/yavaitcachezmeme.fr\/wp-content\/uploads\/2022\/08\/ROMILLY-LA-PUTHENAYE_H_006-600x380.jpg\" alt=\"\" width=\"820\" height=\"519\" srcset=\"https:\/\/yavaitcachezmeme.fr\/wp-content\/uploads\/2022\/08\/ROMILLY-LA-PUTHENAYE_H_006-600x380.jpg 600w, https:\/\/yavaitcachezmeme.fr\/wp-content\/uploads\/2022\/08\/ROMILLY-LA-PUTHENAYE_H_006-1024x648.jpg 1024w, https:\/\/yavaitcachezmeme.fr\/wp-content\/uploads\/2022\/08\/ROMILLY-LA-PUTHENAYE_H_006-1536x972.jpg 1536w, https:\/\/yavaitcachezmeme.fr\/wp-content\/uploads\/2022\/08\/ROMILLY-LA-PUTHENAYE_H_006.jpg 1600w\" sizes=\"auto, (max-width: 820px) 100vw, 820px\" \/><\/p>\n<p style=\"text-align: center;\">Rue de la Mairie &#8211; La Poste<\/p>\n<p><img loading=\"lazy\" decoding=\"async\" class=\"aligncenter wp-image-7732\" src=\"https:\/\/yavaitcachezmeme.fr\/wp-content\/uploads\/2022\/07\/ROMILLY-LA-PUTHENAYE_H_002-600x380.jpg\" alt=\"\" width=\"820\" height=\"520\" srcset=\"https:\/\/yavaitcachezmeme.fr\/wp-content\/uploads\/2022\/07\/ROMILLY-LA-PUTHENAYE_H_002-600x380.jpg 600w, https:\/\/yavaitcachezmeme.fr\/wp-content\/uploads\/2022\/07\/ROMILLY-LA-PUTHENAYE_H_002-1024x649.jpg 1024w, https:\/\/yavaitcachezmeme.fr\/wp-content\/uploads\/2022\/07\/ROMILLY-LA-PUTHENAYE_H_002-1536x974.jpg 1536w, https:\/\/yavaitcachezmeme.fr\/wp-content\/uploads\/2022\/07\/ROMILLY-LA-PUTHENAYE_H_002.jpg 1640w\" sizes=\"auto, (max-width: 820px) 100vw, 820px\" \/><\/p>\n<p style=\"text-align: center;\">Rue de la Mairie &#8211; Arr\u00eat du facteur au bistrot<\/p>\n<p><img loading=\"lazy\" decoding=\"async\" class=\"aligncenter wp-image-7873\" src=\"https:\/\/yavaitcachezmeme.fr\/wp-content\/uploads\/2022\/08\/ROMILLY-LA-PUTHENAYE_HM_001-600x376.jpg\" alt=\"\" width=\"820\" height=\"514\" srcset=\"https:\/\/yavaitcachezmeme.fr\/wp-content\/uploads\/2022\/08\/ROMILLY-LA-PUTHENAYE_HM_001-600x376.jpg 600w, https:\/\/yavaitcachezmeme.fr\/wp-content\/uploads\/2022\/08\/ROMILLY-LA-PUTHENAYE_HM_001-1024x642.jpg 1024w, https:\/\/yavaitcachezmeme.fr\/wp-content\/uploads\/2022\/08\/ROMILLY-LA-PUTHENAYE_HM_001-1536x962.jpg 1536w, https:\/\/yavaitcachezmeme.fr\/wp-content\/uploads\/2022\/08\/ROMILLY-LA-PUTHENAYE_HM_001-542x340.jpg 542w, https:\/\/yavaitcachezmeme.fr\/wp-content\/uploads\/2022\/08\/ROMILLY-LA-PUTHENAYE_HM_001.jpg 1628w\" sizes=\"auto, (max-width: 820px) 100vw, 820px\" \/><\/p>\n<p style=\"text-align: center;\">Rue de la Mairie &#8211; Le caf\u00e9 et l&rsquo;\u00e9glise<\/p>\n<p><img loading=\"lazy\" decoding=\"async\" class=\"aligncenter wp-image-7733\" src=\"https:\/\/yavaitcachezmeme.fr\/wp-content\/uploads\/2022\/07\/ROMILLY-LA-PUTHENAYE_V_001-388x600.jpg\" alt=\"\" width=\"517\" height=\"800\" srcset=\"https:\/\/yavaitcachezmeme.fr\/wp-content\/uploads\/2022\/07\/ROMILLY-LA-PUTHENAYE_V_001-388x600.jpg 388w, https:\/\/yavaitcachezmeme.fr\/wp-content\/uploads\/2022\/07\/ROMILLY-LA-PUTHENAYE_V_001-662x1024.jpg 662w, https:\/\/yavaitcachezmeme.fr\/wp-content\/uploads\/2022\/07\/ROMILLY-LA-PUTHENAYE_V_001-992x1536.jpg 992w, https:\/\/yavaitcachezmeme.fr\/wp-content\/uploads\/2022\/07\/ROMILLY-LA-PUTHENAYE_V_001.jpg 1044w\" sizes=\"auto, (max-width: 517px) 100vw, 517px\" \/><\/p>\n<p style=\"text-align: center;\">Rue de la Mairie &#8211; L&rsquo;\u00e9glise<\/p>\n<p><a href=\"https:\/\/www.google.com\/maps\/@49.0025127,0.8469829,3a,72.8y,18.23h,96.72t\/data=!3m6!1e1!3m4!1sQ3o1INuhHcqpUWqD9zSGAA!2e0!7i13312!8i6656\" target=\"_blank\" rel=\"noopener\"><img loading=\"lazy\" decoding=\"async\" class=\"aligncenter wp-image-8272\" src=\"https:\/\/yavaitcachezmeme.fr\/wp-content\/uploads\/2022\/09\/unnamed.png\" alt=\"\" width=\"25\" height=\"25\" srcset=\"https:\/\/yavaitcachezmeme.fr\/wp-content\/uploads\/2022\/09\/unnamed.png 512w, https:\/\/yavaitcachezmeme.fr\/wp-content\/uploads\/2022\/09\/unnamed-150x150.png 150w\" sizes=\"auto, (max-width: 25px) 100vw, 25px\" \/><\/a><\/p>\n<p><img loading=\"lazy\" decoding=\"async\" class=\"aligncenter wp-image-9685\" src=\"https:\/\/yavaitcachezmeme.fr\/wp-content\/uploads\/2023\/02\/ROMILLY-LA-PUTHENAYE_H_008-600x378.jpg\" alt=\"\" width=\"820\" height=\"516\" srcset=\"https:\/\/yavaitcachezmeme.fr\/wp-content\/uploads\/2023\/02\/ROMILLY-LA-PUTHENAYE_H_008-600x378.jpg 600w, https:\/\/yavaitcachezmeme.fr\/wp-content\/uploads\/2023\/02\/ROMILLY-LA-PUTHENAYE_H_008-1024x645.jpg 1024w, https:\/\/yavaitcachezmeme.fr\/wp-content\/uploads\/2023\/02\/ROMILLY-LA-PUTHENAYE_H_008-1536x967.jpg 1536w, https:\/\/yavaitcachezmeme.fr\/wp-content\/uploads\/2023\/02\/ROMILLY-LA-PUTHENAYE_H_008-542x340.jpg 542w, https:\/\/yavaitcachezmeme.fr\/wp-content\/uploads\/2023\/02\/ROMILLY-LA-PUTHENAYE_H_008.jpg 1620w\" sizes=\"auto, (max-width: 820px) 100vw, 820px\" \/><\/p>\n<p style=\"text-align: center;\">Le Ch\u00e2teau<\/p>\n<p><img loading=\"lazy\" decoding=\"async\" class=\"aligncenter wp-image-7872\" src=\"https:\/\/yavaitcachezmeme.fr\/wp-content\/uploads\/2022\/08\/ROMILLY-LA-PUTHENAYE_H_005-600x394.jpg\" alt=\"\" width=\"820\" height=\"538\" srcset=\"https:\/\/yavaitcachezmeme.fr\/wp-content\/uploads\/2022\/08\/ROMILLY-LA-PUTHENAYE_H_005-600x394.jpg 600w, https:\/\/yavaitcachezmeme.fr\/wp-content\/uploads\/2022\/08\/ROMILLY-LA-PUTHENAYE_H_005-1024x672.jpg 1024w, https:\/\/yavaitcachezmeme.fr\/wp-content\/uploads\/2022\/08\/ROMILLY-LA-PUTHENAYE_H_005-1536x1008.jpg 1536w, https:\/\/yavaitcachezmeme.fr\/wp-content\/uploads\/2022\/08\/ROMILLY-LA-PUTHENAYE_H_005.jpg 1600w\" sizes=\"auto, (max-width: 820px) 100vw, 820px\" \/><\/p>\n<p style=\"text-align: center;\">Le Ch\u00e2teau<\/p>\n<p><img loading=\"lazy\" decoding=\"async\" class=\"aligncenter wp-image-12059\" src=\"https:\/\/yavaitcachezmeme.fr\/wp-content\/uploads\/2024\/06\/Plaque-voiture_04-600x330.jpg\" alt=\"\" width=\"820\" height=\"451\" srcset=\"https:\/\/yavaitcachezmeme.fr\/wp-content\/uploads\/2024\/06\/Plaque-voiture_04-600x330.jpg 600w, https:\/\/yavaitcachezmeme.fr\/wp-content\/uploads\/2024\/06\/Plaque-voiture_04-1024x564.jpg 1024w, https:\/\/yavaitcachezmeme.fr\/wp-content\/uploads\/2024\/06\/Plaque-voiture_04-1536x846.jpg 1536w, https:\/\/yavaitcachezmeme.fr\/wp-content\/uploads\/2024\/06\/Plaque-voiture_04-2048x1127.jpg 2048w\" sizes=\"auto, (max-width: 820px) 100vw, 820px\" \/><\/p>\n<p style=\"text-align: center;\">Plaque de voiture hippomobile<\/p>\n<p style=\"text-align: center;\"><span style=\"color: #ff6600;\"><strong>~o~<\/strong><\/span><\/p>\n<p style=\"text-align: justify;\">Les communes de l&rsquo;ancien canton de <span style=\"color: #ff6600;\"><strong>Beaumont-le-Roger<\/strong><\/span>, auxquelles j&rsquo;ai rajout\u00e9 <strong>La Ferri\u00e8re-sur-Risle<\/strong> de l&rsquo;ancien canton de <strong>Conches-en-Ouche<\/strong> \u00e0 visiter en cliquant sur les liens suivants :<\/p>\n<p style=\"text-align: justify;\"><strong><a href=\"https:\/\/yavaitcachezmeme.fr\/index.php\/autour-de-beaumont\/barc\/\">Barc<\/a> &#8211; <a href=\"https:\/\/yavaitcachezmeme.fr\/index.php\/autour-de-beaumont\/barquet\/\">Barquet<\/a> &#8211;\u00a0<a href=\"https:\/\/yavaitcachezmeme.fr\/index.php\/autour-de-beaumont\/beaumontel\/\">Beaumontel<\/a>\u00a0 &#8211; <a href=\"https:\/\/yavaitcachezmeme.fr\/index.php\/autour-de-beaumont\/beaumont-le-roger\/\">Beaumont-le-Roger<\/a> &#8211; <a href=\"https:\/\/yavaitcachezmeme.fr\/index.php\/autour-de-beaumont\/bray\/\">Bray<\/a> &#8211; <a href=\"https:\/\/yavaitcachezmeme.fr\/index.php\/autour-de-beaumont\/combon\/\">Combon<\/a> &#8211; <a href=\"https:\/\/yavaitcachezmeme.fr\/index.php\/autour-de-beaumont\/ecardenville-la-campagne\/\">Ecardenville-la-Campagne<\/a> &#8211; <a href=\"https:\/\/yavaitcachezmeme.fr\/index.php\/autour-de-beaumont\/la-ferriere-sur-risle\/\">La Ferri\u00e8re-sur-Risle<\/a> &#8211; <a href=\"https:\/\/yavaitcachezmeme.fr\/index.php\/autour-de-beaumont\/fontaine-la-soret\/\">Fontaine-la-Soret<\/a> &#8211; <a href=\"https:\/\/yavaitcachezmeme.fr\/index.php\/autour-de-beaumont\/goupillieres\/\">Goupilli\u00e8res<\/a> &#8211; <a href=\"https:\/\/yavaitcachezmeme.fr\/index.php\/autour-de-beaumont\/grosley-sur-risle\/\">Grosley-sur-Risle<\/a> &#8211; <a href=\"https:\/\/yavaitcachezmeme.fr\/index.php\/autour-de-beaumont\/la-houssaye\/\">La Houssaye<\/a> &#8211;\u00a0 <a href=\"https:\/\/yavaitcachezmeme.fr\/index.php\/autour-de-beaumont\/launay\/\">Launay<\/a> &#8211; <a href=\"https:\/\/yavaitcachezmeme.fr\/index.php\/autour-de-beaumont\/nassandres\/\">Nassandres<\/a> &#8211; <a href=\"https:\/\/yavaitcachezmeme.fr\/index.php\/autour-de-beaumont\/le-plessis-sainte-opportune\/\">Le Plessis-Ste-Opportune<\/a> &#8211; <a href=\"https:\/\/yavaitcachezmeme.fr\/index.php\/autour-de-beaumont\/romilly-la-puthenaye\/\">Romilly-la-Puthenaye<\/a> &#8211; <a href=\"https:\/\/yavaitcachezmeme.fr\/index.php\/autour-de-beaumont\/rouge-perriers\/\">Rouge-Perriers<\/a> &#8211; <a href=\"https:\/\/yavaitcachezmeme.fr\/index.php\/autour-de-beaumont\/st-opportune-du-bosc\/\">Ste-Opportune-du-Bosc<\/a> &#8211; <a href=\"https:\/\/yavaitcachezmeme.fr\/index.php\/autour-de-beaumont\/thibouville\/\">Thibouville<\/a> &#8211; <a href=\"https:\/\/yavaitcachezmeme.fr\/index.php\/autour-de-beaumont\/tilleul-dame-agnes\/\">Tilleul-Dame-Agn\u00e8s<\/a> &#8211; <a href=\"https:\/\/yavaitcachezmeme.fr\/index.php\/autour-de-beaumont\/le-tilleul-othon\/\">Le Tilleul-Othon<\/a><\/strong><\/p>\n<p style=\"text-align: justify;\"><img loading=\"lazy\" decoding=\"async\" class=\"aligncenter wp-image-6266\" src=\"https:\/\/yavaitcachezmeme.fr\/wp-content\/uploads\/2021\/12\/Autour-de-Beaumont-600x400.jpg\" alt=\"\" width=\"800\" height=\"533\" srcset=\"https:\/\/yavaitcachezmeme.fr\/wp-content\/uploads\/2021\/12\/Autour-de-Beaumont-600x400.jpg 600w, https:\/\/yavaitcachezmeme.fr\/wp-content\/uploads\/2021\/12\/Autour-de-Beaumont-1024x683.jpg 1024w, https:\/\/yavaitcachezmeme.fr\/wp-content\/uploads\/2021\/12\/Autour-de-Beaumont-1536x1024.jpg 1536w, https:\/\/yavaitcachezmeme.fr\/wp-content\/uploads\/2021\/12\/Autour-de-Beaumont-2048x1365.jpg 2048w\" sizes=\"auto, (max-width: 800px) 100vw, 800px\" \/><\/p>\n<\/div>\n","protected":false},"excerpt":{"rendered":"<p>Situ\u00e9e au Sud-Est de Beaumont-le-Roger, Romilly-la-Puthenaye recense 317 habitants en 2019 contre 311 en 1911. ~o~ La gare &#8211; Le b\u00e2timent a \u00e9t\u00e9&#8230;<\/p>\n","protected":false},"author":1,"featured_media":0,"parent":5854,"menu_order":492,"comment_status":"closed","ping_status":"closed","template":"","meta":{"footnotes":""},"class_list":["post-7690","page","type-page","status-publish","hentry"],"_links":{"self":[{"href":"https:\/\/yavaitcachezmeme.fr\/index.php\/wp-json\/wp\/v2\/pages\/7690","targetHints":{"allow":["GET"]}}],"collection":[{"href":"https:\/\/yavaitcachezmeme.fr\/index.php\/wp-json\/wp\/v2\/pages"}],"about":[{"href":"https:\/\/yavaitcachezmeme.fr\/index.php\/wp-json\/wp\/v2\/types\/page"}],"author":[{"embeddable":true,"href":"https:\/\/yavaitcachezmeme.fr\/index.php\/wp-json\/wp\/v2\/users\/1"}],"replies":[{"embeddable":true,"href":"https:\/\/yavaitcachezmeme.fr\/index.php\/wp-json\/wp\/v2\/comments?post=7690"}],"version-history":[{"count":29,"href":"https:\/\/yavaitcachezmeme.fr\/index.php\/wp-json\/wp\/v2\/pages\/7690\/revisions"}],"predecessor-version":[{"id":12774,"href":"https:\/\/yavaitcachezmeme.fr\/index.php\/wp-json\/wp\/v2\/pages\/7690\/revisions\/12774"}],"up":[{"embeddable":true,"href":"https:\/\/yavaitcachezmeme.fr\/index.php\/wp-json\/wp\/v2\/pages\/5854"}],"wp:attachment":[{"href":"https:\/\/yavaitcachezmeme.fr\/index.php\/wp-json\/wp\/v2\/media?parent=7690"}],"curies":[{"name":"wp","href":"https:\/\/api.w.org\/{rel}","templated":true}]}}