{"id":7707,"date":"2022-07-30T12:14:38","date_gmt":"2022-07-30T11:14:38","guid":{"rendered":"https:\/\/yavaitcachezmeme.fr\/?page_id=7707"},"modified":"2025-02-22T06:54:39","modified_gmt":"2025-02-22T05:54:39","slug":"barc","status":"publish","type":"page","link":"https:\/\/yavaitcachezmeme.fr\/index.php\/autour-de-beaumont\/barc\/","title":{"rendered":"Barc"},"content":{"rendered":"<div style=\"font-size: 120%; font-family: georgia;\">\n<p style=\"text-align: justify;\">Situ\u00e9e \u00e0 l&rsquo;Est de Beaumont-le-Roger, <span style=\"color: #ff6600;\"><strong>Barc<\/strong><\/span> recense 1178 habitants en 2019 contre 543 en 1911.<\/p>\n<p style=\"text-align: center;\"><span style=\"color: #ff6600;\"><strong>~o~<\/strong><\/span><\/p>\n<p><img loading=\"lazy\" decoding=\"async\" class=\"aligncenter wp-image-8885\" src=\"https:\/\/yavaitcachezmeme.fr\/wp-content\/uploads\/2022\/12\/BARC_H_003-600x375.jpg\" alt=\"\" width=\"820\" height=\"513\" srcset=\"https:\/\/yavaitcachezmeme.fr\/wp-content\/uploads\/2022\/12\/BARC_H_003-600x375.jpg 600w, https:\/\/yavaitcachezmeme.fr\/wp-content\/uploads\/2022\/12\/BARC_H_003-1024x640.jpg 1024w, https:\/\/yavaitcachezmeme.fr\/wp-content\/uploads\/2022\/12\/BARC_H_003-1536x960.jpg 1536w, https:\/\/yavaitcachezmeme.fr\/wp-content\/uploads\/2022\/12\/BARC_H_003-542x340.jpg 542w, https:\/\/yavaitcachezmeme.fr\/wp-content\/uploads\/2022\/12\/BARC_H_003.jpg 1664w\" sizes=\"auto, (max-width: 820px) 100vw, 820px\" \/><\/p>\n<p style=\"text-align: center;\">L&rsquo;\u00e9glise et la mare<\/p>\n<p><img loading=\"lazy\" decoding=\"async\" class=\"aligncenter wp-image-8834\" src=\"https:\/\/yavaitcachezmeme.fr\/wp-content\/uploads\/2022\/11\/BARC_V_001-388x600.jpg\" alt=\"\" width=\"475\" height=\"734\" srcset=\"https:\/\/yavaitcachezmeme.fr\/wp-content\/uploads\/2022\/11\/BARC_V_001-388x600.jpg 388w, https:\/\/yavaitcachezmeme.fr\/wp-content\/uploads\/2022\/11\/BARC_V_001-662x1024.jpg 662w, https:\/\/yavaitcachezmeme.fr\/wp-content\/uploads\/2022\/11\/BARC_V_001-994x1536.jpg 994w, https:\/\/yavaitcachezmeme.fr\/wp-content\/uploads\/2022\/11\/BARC_V_001.jpg 1048w\" sizes=\"auto, (max-width: 475px) 100vw, 475px\" \/><\/p>\n<p style=\"text-align: center;\">Vue sur l&rsquo;\u00e9glise &#8211; 17h15 au clocher<\/p>\n<p><img loading=\"lazy\" decoding=\"async\" class=\"aligncenter wp-image-9548\" src=\"https:\/\/yavaitcachezmeme.fr\/wp-content\/uploads\/2023\/01\/BARC_V_002-377x600.jpg\" alt=\"\" width=\"475\" height=\"757\" srcset=\"https:\/\/yavaitcachezmeme.fr\/wp-content\/uploads\/2023\/01\/BARC_V_002-377x600.jpg 377w, https:\/\/yavaitcachezmeme.fr\/wp-content\/uploads\/2023\/01\/BARC_V_002-643x1024.jpg 643w, https:\/\/yavaitcachezmeme.fr\/wp-content\/uploads\/2023\/01\/BARC_V_002-964x1536.jpg 964w, https:\/\/yavaitcachezmeme.fr\/wp-content\/uploads\/2023\/01\/BARC_V_002.jpg 1012w\" sizes=\"auto, (max-width: 475px) 100vw, 475px\" \/><\/p>\n<p style=\"text-align: center;\">Vue sur l&rsquo;\u00e9glise -12h25 au clocher<\/p>\n<p><img loading=\"lazy\" decoding=\"async\" class=\"aligncenter wp-image-7798\" src=\"https:\/\/yavaitcachezmeme.fr\/wp-content\/uploads\/2022\/08\/BARC_H_001-600x386.jpg\" alt=\"\" width=\"820\" height=\"527\" srcset=\"https:\/\/yavaitcachezmeme.fr\/wp-content\/uploads\/2022\/08\/BARC_H_001-600x386.jpg 600w, https:\/\/yavaitcachezmeme.fr\/wp-content\/uploads\/2022\/08\/BARC_H_001-1024x658.jpg 1024w, https:\/\/yavaitcachezmeme.fr\/wp-content\/uploads\/2022\/08\/BARC_H_001-1536x987.jpg 1536w, https:\/\/yavaitcachezmeme.fr\/wp-content\/uploads\/2022\/08\/BARC_H_001.jpg 1656w\" sizes=\"auto, (max-width: 820px) 100vw, 820px\" \/><\/p>\n<p style=\"text-align: center;\">La mairie et l&rsquo;\u00e9cole<\/p>\n<p><img loading=\"lazy\" decoding=\"async\" class=\"aligncenter wp-image-10596\" src=\"https:\/\/yavaitcachezmeme.fr\/wp-content\/uploads\/2023\/08\/BARC_V_003-383x600.jpg\" alt=\"\" width=\"475\" height=\"744\" srcset=\"https:\/\/yavaitcachezmeme.fr\/wp-content\/uploads\/2023\/08\/BARC_V_003-383x600.jpg 383w, https:\/\/yavaitcachezmeme.fr\/wp-content\/uploads\/2023\/08\/BARC_V_003-654x1024.jpg 654w, https:\/\/yavaitcachezmeme.fr\/wp-content\/uploads\/2023\/08\/BARC_V_003-981x1536.jpg 981w, https:\/\/yavaitcachezmeme.fr\/wp-content\/uploads\/2023\/08\/BARC_V_003.jpg 1032w\" sizes=\"auto, (max-width: 475px) 100vw, 475px\" \/><\/p>\n<p style=\"text-align: center;\">Le monument<\/p>\n<p><img loading=\"lazy\" decoding=\"async\" class=\"aligncenter wp-image-10595\" src=\"https:\/\/yavaitcachezmeme.fr\/wp-content\/uploads\/2023\/08\/BARC_H_004-600x377.jpg\" alt=\"\" width=\"820\" height=\"515\" srcset=\"https:\/\/yavaitcachezmeme.fr\/wp-content\/uploads\/2023\/08\/BARC_H_004-600x377.jpg 600w, https:\/\/yavaitcachezmeme.fr\/wp-content\/uploads\/2023\/08\/BARC_H_004-1024x643.jpg 1024w, https:\/\/yavaitcachezmeme.fr\/wp-content\/uploads\/2023\/08\/BARC_H_004-1536x965.jpg 1536w, https:\/\/yavaitcachezmeme.fr\/wp-content\/uploads\/2023\/08\/BARC_H_004-542x340.jpg 542w, https:\/\/yavaitcachezmeme.fr\/wp-content\/uploads\/2023\/08\/BARC_H_004.jpg 1616w\" sizes=\"auto, (max-width: 820px) 100vw, 820px\" \/><\/p>\n<p style=\"text-align: center;\">La salle des f\u00eates<\/p>\n<p><img loading=\"lazy\" decoding=\"async\" class=\"aligncenter wp-image-7904\" src=\"https:\/\/yavaitcachezmeme.fr\/wp-content\/uploads\/2022\/08\/BARC_H_002-600x378.jpg\" alt=\"\" width=\"820\" height=\"517\" srcset=\"https:\/\/yavaitcachezmeme.fr\/wp-content\/uploads\/2022\/08\/BARC_H_002-600x378.jpg 600w, https:\/\/yavaitcachezmeme.fr\/wp-content\/uploads\/2022\/08\/BARC_H_002-1024x645.jpg 1024w, https:\/\/yavaitcachezmeme.fr\/wp-content\/uploads\/2022\/08\/BARC_H_002-1536x968.jpg 1536w, https:\/\/yavaitcachezmeme.fr\/wp-content\/uploads\/2022\/08\/BARC_H_002.jpg 1632w\" sizes=\"auto, (max-width: 820px) 100vw, 820px\" \/><\/p>\n<p style=\"text-align: center;\">Poulain \u00e9lev\u00e9 par une ch\u00e8vre<\/p>\n<p style=\"text-align: center;\"><span style=\"color: #ff6600;\"><strong>~o~<\/strong><\/span><\/p>\n<p style=\"text-align: justify;\">Les communes de l&rsquo;ancien canton de <span style=\"color: #ff6600;\"><strong>Beaumont-le-Roger<\/strong><\/span>, auxquelles j&rsquo;ai rajout\u00e9 <strong>La Ferri\u00e8re-sur-Risle<\/strong> de l&rsquo;ancien canton de <strong>Conches-en-Ouche<\/strong> \u00e0 visiter en cliquant sur les liens suivants :<\/p>\n<p style=\"text-align: justify;\"><strong><a href=\"https:\/\/yavaitcachezmeme.fr\/index.php\/autour-de-beaumont\/barc\/\">Barc<\/a> &#8211; <a href=\"https:\/\/yavaitcachezmeme.fr\/index.php\/autour-de-beaumont\/barquet\/\">Barquet<\/a> &#8211;\u00a0<a href=\"https:\/\/yavaitcachezmeme.fr\/index.php\/autour-de-beaumont\/beaumontel\/\">Beaumontel<\/a>\u00a0 &#8211; <a href=\"https:\/\/yavaitcachezmeme.fr\/index.php\/autour-de-beaumont\/beaumont-le-roger\/\">Beaumont-le-Roger<\/a> &#8211; <a href=\"https:\/\/yavaitcachezmeme.fr\/index.php\/autour-de-beaumont\/bray\/\">Bray<\/a> &#8211; <a href=\"https:\/\/yavaitcachezmeme.fr\/index.php\/autour-de-beaumont\/combon\/\">Combon<\/a> &#8211; <a href=\"https:\/\/yavaitcachezmeme.fr\/index.php\/autour-de-beaumont\/ecardenville-la-campagne\/\">Ecardenville-la-Campagne<\/a> &#8211; <a href=\"https:\/\/yavaitcachezmeme.fr\/index.php\/autour-de-beaumont\/la-ferriere-sur-risle\/\">La Ferri\u00e8re-sur-Risle<\/a> &#8211; <a href=\"https:\/\/yavaitcachezmeme.fr\/index.php\/autour-de-beaumont\/fontaine-la-soret\/\">Fontaine-la-Soret<\/a> &#8211; <a href=\"https:\/\/yavaitcachezmeme.fr\/index.php\/autour-de-beaumont\/goupillieres\/\">Goupilli\u00e8res<\/a> &#8211; <a href=\"https:\/\/yavaitcachezmeme.fr\/index.php\/autour-de-beaumont\/grosley-sur-risle\/\">Grosley-sur-Risle<\/a> &#8211; <a href=\"https:\/\/yavaitcachezmeme.fr\/index.php\/autour-de-beaumont\/la-houssaye\/\">La Houssaye<\/a> &#8211;\u00a0 <a href=\"https:\/\/yavaitcachezmeme.fr\/index.php\/autour-de-beaumont\/launay\/\">Launay<\/a> &#8211; <a href=\"https:\/\/yavaitcachezmeme.fr\/index.php\/autour-de-beaumont\/nassandres\/\">Nassandres<\/a> &#8211; <a href=\"https:\/\/yavaitcachezmeme.fr\/index.php\/autour-de-beaumont\/le-plessis-sainte-opportune\/\">Le Plessis-Ste-Opportune<\/a> &#8211; <a href=\"https:\/\/yavaitcachezmeme.fr\/index.php\/autour-de-beaumont\/romilly-la-puthenaye\/\">Romilly-la-Puthenaye<\/a> &#8211; <a href=\"https:\/\/yavaitcachezmeme.fr\/index.php\/autour-de-beaumont\/rouge-perriers\/\">Rouge-Perriers<\/a> &#8211; <a href=\"https:\/\/yavaitcachezmeme.fr\/index.php\/autour-de-beaumont\/st-opportune-du-bosc\/\">Ste-Opportune-du-Bosc<\/a> &#8211; <a href=\"https:\/\/yavaitcachezmeme.fr\/index.php\/autour-de-beaumont\/thibouville\/\">Thibouville<\/a> &#8211; <a href=\"https:\/\/yavaitcachezmeme.fr\/index.php\/autour-de-beaumont\/tilleul-dame-agnes\/\">Tilleul-Dame-Agn\u00e8s<\/a> &#8211; <a href=\"https:\/\/yavaitcachezmeme.fr\/index.php\/autour-de-beaumont\/le-tilleul-othon\/\">Le Tilleul-Othon<\/a><\/strong><\/p>\n<p><img loading=\"lazy\" decoding=\"async\" class=\"aligncenter wp-image-6266\" src=\"https:\/\/yavaitcachezmeme.fr\/wp-content\/uploads\/2021\/12\/Autour-de-Beaumont-600x400.jpg\" alt=\"\" width=\"800\" height=\"533\" srcset=\"https:\/\/yavaitcachezmeme.fr\/wp-content\/uploads\/2021\/12\/Autour-de-Beaumont-600x400.jpg 600w, https:\/\/yavaitcachezmeme.fr\/wp-content\/uploads\/2021\/12\/Autour-de-Beaumont-1024x683.jpg 1024w, https:\/\/yavaitcachezmeme.fr\/wp-content\/uploads\/2021\/12\/Autour-de-Beaumont-1536x1024.jpg 1536w, https:\/\/yavaitcachezmeme.fr\/wp-content\/uploads\/2021\/12\/Autour-de-Beaumont-2048x1365.jpg 2048w\" sizes=\"auto, (max-width: 800px) 100vw, 800px\" \/><\/p>\n<\/div>\n","protected":false},"excerpt":{"rendered":"<p>Situ\u00e9e \u00e0 l&rsquo;Est de Beaumont-le-Roger, Barc recense 1178 habitants en 2019 contre 543 en 1911. ~o~ L&rsquo;\u00e9glise et la mare Vue sur l&rsquo;\u00e9glise&#8230;<\/p>\n","protected":false},"author":1,"featured_media":0,"parent":5854,"menu_order":37,"comment_status":"closed","ping_status":"closed","template":"","meta":{"footnotes":""},"class_list":["post-7707","page","type-page","status-publish","hentry"],"_links":{"self":[{"href":"https:\/\/yavaitcachezmeme.fr\/index.php\/wp-json\/wp\/v2\/pages\/7707","targetHints":{"allow":["GET"]}}],"collection":[{"href":"https:\/\/yavaitcachezmeme.fr\/index.php\/wp-json\/wp\/v2\/pages"}],"about":[{"href":"https:\/\/yavaitcachezmeme.fr\/index.php\/wp-json\/wp\/v2\/types\/page"}],"author":[{"embeddable":true,"href":"https:\/\/yavaitcachezmeme.fr\/index.php\/wp-json\/wp\/v2\/users\/1"}],"replies":[{"embeddable":true,"href":"https:\/\/yavaitcachezmeme.fr\/index.php\/wp-json\/wp\/v2\/comments?post=7707"}],"version-history":[{"count":21,"href":"https:\/\/yavaitcachezmeme.fr\/index.php\/wp-json\/wp\/v2\/pages\/7707\/revisions"}],"predecessor-version":[{"id":12759,"href":"https:\/\/yavaitcachezmeme.fr\/index.php\/wp-json\/wp\/v2\/pages\/7707\/revisions\/12759"}],"up":[{"embeddable":true,"href":"https:\/\/yavaitcachezmeme.fr\/index.php\/wp-json\/wp\/v2\/pages\/5854"}],"wp:attachment":[{"href":"https:\/\/yavaitcachezmeme.fr\/index.php\/wp-json\/wp\/v2\/media?parent=7707"}],"curies":[{"name":"wp","href":"https:\/\/api.w.org\/{rel}","templated":true}]}}