{"id":7842,"date":"2022-08-09T16:40:42","date_gmt":"2022-08-09T15:40:42","guid":{"rendered":"https:\/\/yavaitcachezmeme.fr\/?page_id=7842"},"modified":"2026-01-11T12:14:49","modified_gmt":"2026-01-11T11:14:49","slug":"st-opportune-du-bosc","status":"publish","type":"page","link":"https:\/\/yavaitcachezmeme.fr\/index.php\/autour-de-beaumont\/st-opportune-du-bosc\/","title":{"rendered":"Ste-Opportune-du-Bosc"},"content":{"rendered":"<div style=\"font-size: 120%; font-family: georgia;\">\n<p style=\"text-align: justify;\">Situ\u00e9e au Nord-Est de Beaumont-le-Roger, <strong><span style=\"color: #ff6600;\">Sainte-Opportune-du-Bosc<\/span><\/strong> recense 650 habitants en 2019 contre 165 en 1911.<\/p>\n<p style=\"text-align: center;\"><span style=\"color: #ff6600;\"><strong>~o~<\/strong><\/span><\/p>\n<p><img loading=\"lazy\" decoding=\"async\" class=\"aligncenter wp-image-12790\" src=\"https:\/\/yavaitcachezmeme.fr\/wp-content\/uploads\/2025\/02\/STE-OPPORTUNE-DU-BOSC_H_004-600x389.jpg\" alt=\"\" width=\"820\" height=\"531\" srcset=\"https:\/\/yavaitcachezmeme.fr\/wp-content\/uploads\/2025\/02\/STE-OPPORTUNE-DU-BOSC_H_004-600x389.jpg 600w, https:\/\/yavaitcachezmeme.fr\/wp-content\/uploads\/2025\/02\/STE-OPPORTUNE-DU-BOSC_H_004-1024x663.jpg 1024w, https:\/\/yavaitcachezmeme.fr\/wp-content\/uploads\/2025\/02\/STE-OPPORTUNE-DU-BOSC_H_004-1536x995.jpg 1536w, https:\/\/yavaitcachezmeme.fr\/wp-content\/uploads\/2025\/02\/STE-OPPORTUNE-DU-BOSC_H_004.jpg 1600w\" sizes=\"auto, (max-width: 820px) 100vw, 820px\" \/><\/p>\n<p style=\"text-align: center;\">La Mairie<\/p>\n<p><img loading=\"lazy\" decoding=\"async\" class=\"aligncenter wp-image-7909\" src=\"https:\/\/yavaitcachezmeme.fr\/wp-content\/uploads\/2022\/08\/STE-OPPORTUNE-DU-BOSC_H_001-600x378.jpg\" alt=\"\" width=\"820\" height=\"517\" srcset=\"https:\/\/yavaitcachezmeme.fr\/wp-content\/uploads\/2022\/08\/STE-OPPORTUNE-DU-BOSC_H_001-600x378.jpg 600w, https:\/\/yavaitcachezmeme.fr\/wp-content\/uploads\/2022\/08\/STE-OPPORTUNE-DU-BOSC_H_001-1024x645.jpg 1024w, https:\/\/yavaitcachezmeme.fr\/wp-content\/uploads\/2022\/08\/STE-OPPORTUNE-DU-BOSC_H_001-1536x968.jpg 1536w, https:\/\/yavaitcachezmeme.fr\/wp-content\/uploads\/2022\/08\/STE-OPPORTUNE-DU-BOSC_H_001.jpg 1644w\" sizes=\"auto, (max-width: 820px) 100vw, 820px\" \/><\/p>\n<p style=\"text-align: center;\">Monument aux Enfants morts pour la France<\/p>\n<p><a href=\"https:\/\/www.google.com\/maps\/@49.1610419,0.837274,3a,20.5y,6.1h,88.86t\/data=!3m6!1e1!3m4!1sF3-EC2RKORU2AZadE0UD6Q!2e0!7i16384!8i8192\" target=\"_blank\" rel=\"noopener\"><img loading=\"lazy\" decoding=\"async\" class=\"aligncenter wp-image-8272\" src=\"https:\/\/yavaitcachezmeme.fr\/wp-content\/uploads\/2022\/09\/unnamed.png\" alt=\"\" width=\"25\" height=\"25\" srcset=\"https:\/\/yavaitcachezmeme.fr\/wp-content\/uploads\/2022\/09\/unnamed.png 512w, https:\/\/yavaitcachezmeme.fr\/wp-content\/uploads\/2022\/09\/unnamed-150x150.png 150w\" sizes=\"auto, (max-width: 25px) 100vw, 25px\" \/><\/a><\/p>\n<p><img loading=\"lazy\" decoding=\"async\" class=\"aligncenter wp-image-7836\" src=\"https:\/\/yavaitcachezmeme.fr\/wp-content\/uploads\/2022\/08\/ST-OPPORTUNE-DU-BOSC_V_001-394x600.jpg\" alt=\"\" width=\"475\" height=\"724\" srcset=\"https:\/\/yavaitcachezmeme.fr\/wp-content\/uploads\/2022\/08\/ST-OPPORTUNE-DU-BOSC_V_001-394x600.jpg 394w, https:\/\/yavaitcachezmeme.fr\/wp-content\/uploads\/2022\/08\/ST-OPPORTUNE-DU-BOSC_V_001-672x1024.jpg 672w, https:\/\/yavaitcachezmeme.fr\/wp-content\/uploads\/2022\/08\/ST-OPPORTUNE-DU-BOSC_V_001-1008x1536.jpg 1008w, https:\/\/yavaitcachezmeme.fr\/wp-content\/uploads\/2022\/08\/ST-OPPORTUNE-DU-BOSC_V_001.jpg 1047w\" sizes=\"auto, (max-width: 475px) 100vw, 475px\" \/><\/p>\n<p style=\"text-align: center;\">Le Monument aux Morts<\/p>\n<p><img loading=\"lazy\" decoding=\"async\" class=\"aligncenter wp-image-9879\" src=\"https:\/\/yavaitcachezmeme.fr\/wp-content\/uploads\/2023\/04\/STE-OPPORTUNE-DU-BOSC_H_002-600x383.jpg\" alt=\"\" width=\"820\" height=\"523\" srcset=\"https:\/\/yavaitcachezmeme.fr\/wp-content\/uploads\/2023\/04\/STE-OPPORTUNE-DU-BOSC_H_002-600x383.jpg 600w, https:\/\/yavaitcachezmeme.fr\/wp-content\/uploads\/2023\/04\/STE-OPPORTUNE-DU-BOSC_H_002-1024x653.jpg 1024w, https:\/\/yavaitcachezmeme.fr\/wp-content\/uploads\/2023\/04\/STE-OPPORTUNE-DU-BOSC_H_002-1536x980.jpg 1536w, https:\/\/yavaitcachezmeme.fr\/wp-content\/uploads\/2023\/04\/STE-OPPORTUNE-DU-BOSC_H_002.jpg 1624w\" sizes=\"auto, (max-width: 820px) 100vw, 820px\" \/><\/p>\n<p style=\"text-align: center;\">Portique d&rsquo;entr\u00e9e du ch\u00e2teau<\/p>\n<p><img loading=\"lazy\" decoding=\"async\" class=\"aligncenter wp-image-13330\" src=\"https:\/\/yavaitcachezmeme.fr\/wp-content\/uploads\/2026\/01\/STE-OPPORTUNE-DU-BOSC_H_005-600x376.jpg\" alt=\"\" width=\"820\" height=\"514\" srcset=\"https:\/\/yavaitcachezmeme.fr\/wp-content\/uploads\/2026\/01\/STE-OPPORTUNE-DU-BOSC_H_005-600x376.jpg 600w, https:\/\/yavaitcachezmeme.fr\/wp-content\/uploads\/2026\/01\/STE-OPPORTUNE-DU-BOSC_H_005-1024x642.jpg 1024w, https:\/\/yavaitcachezmeme.fr\/wp-content\/uploads\/2026\/01\/STE-OPPORTUNE-DU-BOSC_H_005-1536x963.jpg 1536w, https:\/\/yavaitcachezmeme.fr\/wp-content\/uploads\/2026\/01\/STE-OPPORTUNE-DU-BOSC_H_005-542x340.jpg 542w, https:\/\/yavaitcachezmeme.fr\/wp-content\/uploads\/2026\/01\/STE-OPPORTUNE-DU-BOSC_H_005.jpg 1640w\" sizes=\"auto, (max-width: 820px) 100vw, 820px\" \/><\/p>\n<p style=\"text-align: center;\">Le ch\u00e2teau et la porte monumentale<\/p>\n<p><img loading=\"lazy\" decoding=\"async\" class=\"aligncenter wp-image-8999\" src=\"https:\/\/yavaitcachezmeme.fr\/wp-content\/uploads\/2022\/12\/STE-OPPORTUNE-DU-BOSC_V_003-383x600.jpg\" alt=\"\" width=\"475\" height=\"744\" srcset=\"https:\/\/yavaitcachezmeme.fr\/wp-content\/uploads\/2022\/12\/STE-OPPORTUNE-DU-BOSC_V_003-383x600.jpg 383w, https:\/\/yavaitcachezmeme.fr\/wp-content\/uploads\/2022\/12\/STE-OPPORTUNE-DU-BOSC_V_003-654x1024.jpg 654w, https:\/\/yavaitcachezmeme.fr\/wp-content\/uploads\/2022\/12\/STE-OPPORTUNE-DU-BOSC_V_003-981x1536.jpg 981w, https:\/\/yavaitcachezmeme.fr\/wp-content\/uploads\/2022\/12\/STE-OPPORTUNE-DU-BOSC_V_003.jpg 1032w\" sizes=\"auto, (max-width: 475px) 100vw, 475px\" \/><\/p>\n<p style=\"text-align: center;\">Porte monumentale du ch\u00e2teau<\/p>\n<p><img loading=\"lazy\" decoding=\"async\" class=\"aligncenter wp-image-8998\" src=\"https:\/\/yavaitcachezmeme.fr\/wp-content\/uploads\/2022\/12\/STE-OPPORTUNE-DU-BOSC_V_002-384x600.jpg\" alt=\"\" width=\"475\" height=\"742\" srcset=\"https:\/\/yavaitcachezmeme.fr\/wp-content\/uploads\/2022\/12\/STE-OPPORTUNE-DU-BOSC_V_002-384x600.jpg 384w, https:\/\/yavaitcachezmeme.fr\/wp-content\/uploads\/2022\/12\/STE-OPPORTUNE-DU-BOSC_V_002-656x1024.jpg 656w, https:\/\/yavaitcachezmeme.fr\/wp-content\/uploads\/2022\/12\/STE-OPPORTUNE-DU-BOSC_V_002-984x1536.jpg 984w, https:\/\/yavaitcachezmeme.fr\/wp-content\/uploads\/2022\/12\/STE-OPPORTUNE-DU-BOSC_V_002.jpg 1035w\" sizes=\"auto, (max-width: 475px) 100vw, 475px\" \/><\/p>\n<p style=\"text-align: center;\">Porte monumentale c\u00f4t\u00e9 Est du ch\u00e2teau<\/p>\n<p><img loading=\"lazy\" decoding=\"async\" class=\"aligncenter wp-image-11962\" src=\"https:\/\/yavaitcachezmeme.fr\/wp-content\/uploads\/2024\/05\/STE-OPPORTUNE-DU-BOSC_H_003-600x382.jpg\" alt=\"\" width=\"820\" height=\"522\" srcset=\"https:\/\/yavaitcachezmeme.fr\/wp-content\/uploads\/2024\/05\/STE-OPPORTUNE-DU-BOSC_H_003-600x382.jpg 600w, https:\/\/yavaitcachezmeme.fr\/wp-content\/uploads\/2024\/05\/STE-OPPORTUNE-DU-BOSC_H_003-1024x652.jpg 1024w, https:\/\/yavaitcachezmeme.fr\/wp-content\/uploads\/2024\/05\/STE-OPPORTUNE-DU-BOSC_H_003-1536x978.jpg 1536w, https:\/\/yavaitcachezmeme.fr\/wp-content\/uploads\/2024\/05\/STE-OPPORTUNE-DU-BOSC_H_003.jpg 1600w\" sizes=\"auto, (max-width: 820px) 100vw, 820px\" \/><\/p>\n<p style=\"text-align: center;\">Vue c\u00f4t\u00e9 Ouest du ch\u00e2teau<\/p>\n<p style=\"text-align: center;\"><span style=\"color: #ff6600;\"><strong>~o~<\/strong><\/span><\/p>\n<p style=\"text-align: justify;\">Les communes de l&rsquo;ancien canton de <span style=\"color: #ff6600;\"><strong>Beaumont-le-Roger<\/strong><\/span>, auxquelles j&rsquo;ai rajout\u00e9 <strong>La Ferri\u00e8re-sur-Risle<\/strong> de l&rsquo;ancien canton de <strong>Conches-en-Ouche<\/strong> \u00e0 visiter en cliquant sur les liens suivants :<\/p>\n<p style=\"text-align: justify;\"><strong><a href=\"https:\/\/yavaitcachezmeme.fr\/index.php\/autour-de-beaumont\/barc\/\">Barc<\/a> &#8211; <a href=\"https:\/\/yavaitcachezmeme.fr\/index.php\/autour-de-beaumont\/barquet\/\">Barquet<\/a> &#8211;\u00a0<a href=\"https:\/\/yavaitcachezmeme.fr\/index.php\/autour-de-beaumont\/beaumontel\/\">Beaumontel<\/a>\u00a0 &#8211; <a href=\"https:\/\/yavaitcachezmeme.fr\/index.php\/autour-de-beaumont\/beaumont-le-roger\/\">Beaumont-le-Roger<\/a> &#8211; <a href=\"https:\/\/yavaitcachezmeme.fr\/index.php\/autour-de-beaumont\/bray\/\">Bray<\/a> &#8211; <a href=\"https:\/\/yavaitcachezmeme.fr\/index.php\/autour-de-beaumont\/combon\/\">Combon<\/a> &#8211; <a href=\"https:\/\/yavaitcachezmeme.fr\/index.php\/autour-de-beaumont\/ecardenville-la-campagne\/\">Ecardenville-la-Campagne<\/a> &#8211; <a href=\"https:\/\/yavaitcachezmeme.fr\/index.php\/autour-de-beaumont\/la-ferriere-sur-risle\/\">La Ferri\u00e8re-sur-Risle<\/a> &#8211; <a href=\"https:\/\/yavaitcachezmeme.fr\/index.php\/autour-de-beaumont\/fontaine-la-soret\/\">Fontaine-la-Soret<\/a> &#8211; <a href=\"https:\/\/yavaitcachezmeme.fr\/index.php\/autour-de-beaumont\/goupillieres\/\">Goupilli\u00e8res<\/a> &#8211; <a href=\"https:\/\/yavaitcachezmeme.fr\/index.php\/autour-de-beaumont\/grosley-sur-risle\/\">Grosley-sur-Risle<\/a> &#8211; <a href=\"https:\/\/yavaitcachezmeme.fr\/index.php\/autour-de-beaumont\/la-houssaye\/\">La Houssaye<\/a> &#8211;\u00a0 <a href=\"https:\/\/yavaitcachezmeme.fr\/index.php\/autour-de-beaumont\/launay\/\">Launay<\/a> &#8211; <a href=\"https:\/\/yavaitcachezmeme.fr\/index.php\/autour-de-beaumont\/nassandres\/\">Nassandres<\/a> &#8211; <a href=\"https:\/\/yavaitcachezmeme.fr\/index.php\/autour-de-beaumont\/le-plessis-sainte-opportune\/\">Le Plessis-Ste-Opportune<\/a> &#8211; <a href=\"https:\/\/yavaitcachezmeme.fr\/index.php\/autour-de-beaumont\/romilly-la-puthenaye\/\">Romilly-la-Puthenaye<\/a> &#8211; <a href=\"https:\/\/yavaitcachezmeme.fr\/index.php\/autour-de-beaumont\/rouge-perriers\/\">Rouge-Perriers<\/a> &#8211; <a href=\"https:\/\/yavaitcachezmeme.fr\/index.php\/autour-de-beaumont\/st-opportune-du-bosc\/\">Ste-Opportune-du-Bosc<\/a> &#8211; <a href=\"https:\/\/yavaitcachezmeme.fr\/index.php\/autour-de-beaumont\/thibouville\/\">Thibouville<\/a> &#8211; <a href=\"https:\/\/yavaitcachezmeme.fr\/index.php\/autour-de-beaumont\/tilleul-dame-agnes\/\">Tilleul-Dame-Agn\u00e8s<\/a> &#8211; <a href=\"https:\/\/yavaitcachezmeme.fr\/index.php\/autour-de-beaumont\/le-tilleul-othon\/\">Le Tilleul-Othon<\/a><\/strong><\/p>\n<p style=\"text-align: justify;\"><img loading=\"lazy\" decoding=\"async\" class=\"aligncenter wp-image-6266\" src=\"https:\/\/yavaitcachezmeme.fr\/wp-content\/uploads\/2021\/12\/Autour-de-Beaumont-600x400.jpg\" alt=\"\" width=\"800\" height=\"533\" srcset=\"https:\/\/yavaitcachezmeme.fr\/wp-content\/uploads\/2021\/12\/Autour-de-Beaumont-600x400.jpg 600w, https:\/\/yavaitcachezmeme.fr\/wp-content\/uploads\/2021\/12\/Autour-de-Beaumont-1024x683.jpg 1024w, https:\/\/yavaitcachezmeme.fr\/wp-content\/uploads\/2021\/12\/Autour-de-Beaumont-1536x1024.jpg 1536w, https:\/\/yavaitcachezmeme.fr\/wp-content\/uploads\/2021\/12\/Autour-de-Beaumont-2048x1365.jpg 2048w\" sizes=\"auto, (max-width: 800px) 100vw, 800px\" \/><\/p>\n<\/div>\n","protected":false},"excerpt":{"rendered":"<p>Situ\u00e9e au Nord-Est de Beaumont-le-Roger, Sainte-Opportune-du-Bosc recense 650 habitants en 2019 contre 165 en 1911. ~o~ La Mairie Monument aux Enfants morts pour&#8230;<\/p>\n","protected":false},"author":1,"featured_media":0,"parent":5854,"menu_order":576,"comment_status":"closed","ping_status":"closed","template":"","meta":{"footnotes":""},"class_list":["post-7842","page","type-page","status-publish","hentry"],"_links":{"self":[{"href":"https:\/\/yavaitcachezmeme.fr\/index.php\/wp-json\/wp\/v2\/pages\/7842","targetHints":{"allow":["GET"]}}],"collection":[{"href":"https:\/\/yavaitcachezmeme.fr\/index.php\/wp-json\/wp\/v2\/pages"}],"about":[{"href":"https:\/\/yavaitcachezmeme.fr\/index.php\/wp-json\/wp\/v2\/types\/page"}],"author":[{"embeddable":true,"href":"https:\/\/yavaitcachezmeme.fr\/index.php\/wp-json\/wp\/v2\/users\/1"}],"replies":[{"embeddable":true,"href":"https:\/\/yavaitcachezmeme.fr\/index.php\/wp-json\/wp\/v2\/comments?post=7842"}],"version-history":[{"count":21,"href":"https:\/\/yavaitcachezmeme.fr\/index.php\/wp-json\/wp\/v2\/pages\/7842\/revisions"}],"predecessor-version":[{"id":13331,"href":"https:\/\/yavaitcachezmeme.fr\/index.php\/wp-json\/wp\/v2\/pages\/7842\/revisions\/13331"}],"up":[{"embeddable":true,"href":"https:\/\/yavaitcachezmeme.fr\/index.php\/wp-json\/wp\/v2\/pages\/5854"}],"wp:attachment":[{"href":"https:\/\/yavaitcachezmeme.fr\/index.php\/wp-json\/wp\/v2\/media?parent=7842"}],"curies":[{"name":"wp","href":"https:\/\/api.w.org\/{rel}","templated":true}]}}