{"id":8760,"date":"2022-11-18T18:29:36","date_gmt":"2022-11-18T17:29:36","guid":{"rendered":"https:\/\/yavaitcachezmeme.fr\/?page_id=8760"},"modified":"2024-02-06T05:47:41","modified_gmt":"2024-02-06T04:47:41","slug":"st-jean-du-thenney","status":"publish","type":"page","link":"https:\/\/yavaitcachezmeme.fr\/index.php\/autour-de-broglie\/st-jean-du-thenney\/","title":{"rendered":"St-Jean-du-Thenney"},"content":{"rendered":"<div style=\"font-size: 120%; font-family: georgia;\">\n<p style=\"text-align: justify;\">Situ\u00e9e au Ouest de Broglie, <span style=\"color: #ff6600;\"><strong>Saint-Jean-du-Thenney<\/strong><\/span> recense 249 habitants en 2019 contre 187 en 1921.<\/p>\n<p style=\"text-align: center;\"><span style=\"color: #ff6600;\"><strong>~o~<\/strong><\/span><\/p>\n<p><img loading=\"lazy\" decoding=\"async\" class=\"aligncenter wp-image-8742\" src=\"https:\/\/yavaitcachezmeme.fr\/wp-content\/uploads\/2022\/11\/ST-JEAN-DU-THENNEY_HM_001-600x401.jpg\" alt=\"\" width=\"820\" height=\"549\" srcset=\"https:\/\/yavaitcachezmeme.fr\/wp-content\/uploads\/2022\/11\/ST-JEAN-DU-THENNEY_HM_001-600x401.jpg 600w, https:\/\/yavaitcachezmeme.fr\/wp-content\/uploads\/2022\/11\/ST-JEAN-DU-THENNEY_HM_001-1024x685.jpg 1024w, https:\/\/yavaitcachezmeme.fr\/wp-content\/uploads\/2022\/11\/ST-JEAN-DU-THENNEY_HM_001-1536x1028.jpg 1536w, https:\/\/yavaitcachezmeme.fr\/wp-content\/uploads\/2022\/11\/ST-JEAN-DU-THENNEY_HM_001.jpg 1752w\" sizes=\"auto, (max-width: 820px) 100vw, 820px\" \/><\/p>\n<p style=\"text-align: center;\">L&rsquo;\u00e9glise<\/p>\n<p><img loading=\"lazy\" decoding=\"async\" class=\"aligncenter wp-image-8743\" src=\"https:\/\/yavaitcachezmeme.fr\/wp-content\/uploads\/2022\/11\/ST-JEAN-DU-THENNEY_HM_002-600x399.jpg\" alt=\"\" width=\"820\" height=\"545\" srcset=\"https:\/\/yavaitcachezmeme.fr\/wp-content\/uploads\/2022\/11\/ST-JEAN-DU-THENNEY_HM_002-600x399.jpg 600w, https:\/\/yavaitcachezmeme.fr\/wp-content\/uploads\/2022\/11\/ST-JEAN-DU-THENNEY_HM_002-1024x681.jpg 1024w, https:\/\/yavaitcachezmeme.fr\/wp-content\/uploads\/2022\/11\/ST-JEAN-DU-THENNEY_HM_002-1536x1021.jpg 1536w, https:\/\/yavaitcachezmeme.fr\/wp-content\/uploads\/2022\/11\/ST-JEAN-DU-THENNEY_HM_002.jpg 1757w\" sizes=\"auto, (max-width: 820px) 100vw, 820px\" \/><\/p>\n<p style=\"text-align: center;\">La vierge<\/p>\n<p><img loading=\"lazy\" decoding=\"async\" class=\"aligncenter wp-image-8744\" src=\"https:\/\/yavaitcachezmeme.fr\/wp-content\/uploads\/2022\/11\/ST-JEAN-DU-THENNEY_HM_003-600x379.jpg\" alt=\"\" width=\"820\" height=\"517\" srcset=\"https:\/\/yavaitcachezmeme.fr\/wp-content\/uploads\/2022\/11\/ST-JEAN-DU-THENNEY_HM_003-600x379.jpg 600w, https:\/\/yavaitcachezmeme.fr\/wp-content\/uploads\/2022\/11\/ST-JEAN-DU-THENNEY_HM_003-1024x646.jpg 1024w, https:\/\/yavaitcachezmeme.fr\/wp-content\/uploads\/2022\/11\/ST-JEAN-DU-THENNEY_HM_003-1536x969.jpg 1536w, https:\/\/yavaitcachezmeme.fr\/wp-content\/uploads\/2022\/11\/ST-JEAN-DU-THENNEY_HM_003.jpg 1759w\" sizes=\"auto, (max-width: 820px) 100vw, 820px\" \/><\/p>\n<p style=\"text-align: center;\">La calvaire<\/p>\n<p><img loading=\"lazy\" decoding=\"async\" class=\"aligncenter wp-image-8745\" src=\"https:\/\/yavaitcachezmeme.fr\/wp-content\/uploads\/2022\/11\/ST-JEAN-DU-THENNEY_PCP_001-600x596.jpg\" alt=\"\" width=\"600\" height=\"596\" srcset=\"https:\/\/yavaitcachezmeme.fr\/wp-content\/uploads\/2022\/11\/ST-JEAN-DU-THENNEY_PCP_001-600x596.jpg 600w, https:\/\/yavaitcachezmeme.fr\/wp-content\/uploads\/2022\/11\/ST-JEAN-DU-THENNEY_PCP_001-1024x1018.jpg 1024w, https:\/\/yavaitcachezmeme.fr\/wp-content\/uploads\/2022\/11\/ST-JEAN-DU-THENNEY_PCP_001-150x150.jpg 150w, https:\/\/yavaitcachezmeme.fr\/wp-content\/uploads\/2022\/11\/ST-JEAN-DU-THENNEY_PCP_001.jpg 1357w\" sizes=\"auto, (max-width: 600px) 100vw, 600px\" \/><\/p>\n<p style=\"text-align: center;\">\u00c9tiquette de camembert de la maison Eug\u00e8ne QUINIO<\/p>\n<p style=\"text-align: center;\"><span style=\"color: #ff6600;\"><strong>~o~<\/strong><\/span><\/p>\n<p style=\"text-align: justify;\">Les communes de l&rsquo;ancien canton de <span style=\"color: #ff6600;\"><strong>Broglie<\/strong><\/span>\u00a0\u00e0 visiter en cliquant sur les liens suivants :<\/p>\n<p style=\"text-align: justify;\"><strong><a href=\"http:\/\/yavaitcachezmeme.fr\/index.php\/les-environs\/broglie\/\">Broglie<\/a>\u00a0 &#8211; <a href=\"https:\/\/yavaitcachezmeme.fr\/index.php\/autour-de-broglie\/capelle-les-grands\/\">Capelle-les-Grands<\/a> &#8211; <a href=\"https:\/\/yavaitcachezmeme.fr\/index.php\/autour-de-broglie\/le-chamblac\/\">Le Chamblac<\/a> &#8211; <a href=\"https:\/\/yavaitcachezmeme.fr\/index.php\/autour-de-broglie\/la-chapelle-gauthier\/\">La Chapelle-Gauthier<\/a> &#8211; <a href=\"http:\/\/yavaitcachezmeme.fr\/index.php\/les-environs\/ferrieres-st-hilaire\/\">Ferri\u00e8res-St-Hilaire<\/a>\u00a0 &#8211; <a href=\"https:\/\/yavaitcachezmeme.fr\/index.php\/autour-de-broglie\/la-goulafriere\/\">La Goulafri\u00e8re<\/a> &#8211; <a href=\"http:\/\/yavaitcachezmeme.fr\/index.php\/les-environs\/grand-camp\/\">Grand-Camp<\/a>\u00a0 &#8211; <a href=\"https:\/\/yavaitcachezmeme.fr\/index.php\/autour-de-broglie\/melicourt\/\">M\u00e9licourt<\/a> &#8211; <a href=\"https:\/\/yavaitcachezmeme.fr\/index.php\/autour-de-broglie\/mesnil-rousset\/\">Mesnil-Rousset<\/a> &#8211; <a href=\"https:\/\/yavaitcachezmeme.fr\/index.php\/autour-de-broglie\/montreuil-largille\/\">Montreuil l&rsquo;Argill\u00e9<\/a> &#8211; <a href=\"https:\/\/yavaitcachezmeme.fr\/index.php\/autour-de-broglie\/notre-dame-du-hamel\/\">Notre-Dame-du-Hamel<\/a> &#8211; <a href=\"https:\/\/yavaitcachezmeme.fr\/index.php\/autour-de-broglie\/st-agnan-de-cernieres\/\">St-Agnan-de-Cerni\u00e8res<\/a> &#8211; <a href=\"https:\/\/yavaitcachezmeme.fr\/index.php\/autour-de-broglie\/st-aubin-du-thenney\/\">St-Aubin-du-Thenney<\/a> &#8211; <a href=\"https:\/\/yavaitcachezmeme.fr\/index.php\/autour-de-broglie\/st-denis-daugerons\/\">St-Denis-d&rsquo;Augerons<\/a> &#8211; <a href=\"https:\/\/yavaitcachezmeme.fr\/index.php\/autour-de-broglie\/st-jean-du-thenney\/\">St-Jean-du-Thenney<\/a> &#8211; <a href=\"https:\/\/yavaitcachezmeme.fr\/index.php\/autour-de-broglie\/st-pierre-de-cernieres\/\">St-Pierre-de-Cerni\u00e8res<\/a> &#8211; <a href=\"https:\/\/yavaitcachezmeme.fr\/index.php\/autour-de-broglie\/st-quentin-des-isles\/\">St-Quentin-des-Isles<\/a> &#8211; <a href=\"https:\/\/yavaitcachezmeme.fr\/index.php\/autour-de-broglie\/la-trinite-de-reville\/\">La Trinit\u00e9-de-R\u00e9ville<\/a> &#8211; <a href=\"https:\/\/yavaitcachezmeme.fr\/index.php\/autour-de-broglie\/verneusses\/\">Verneusses<\/a><\/strong><\/p>\n<p><img loading=\"lazy\" decoding=\"async\" class=\"aligncenter wp-image-6268\" src=\"https:\/\/yavaitcachezmeme.fr\/wp-content\/uploads\/2021\/12\/Autour-de-Broglie-600x433.jpg\" alt=\"\" width=\"800\" height=\"578\" srcset=\"https:\/\/yavaitcachezmeme.fr\/wp-content\/uploads\/2021\/12\/Autour-de-Broglie-600x433.jpg 600w, https:\/\/yavaitcachezmeme.fr\/wp-content\/uploads\/2021\/12\/Autour-de-Broglie-1024x739.jpg 1024w, https:\/\/yavaitcachezmeme.fr\/wp-content\/uploads\/2021\/12\/Autour-de-Broglie-1536x1109.jpg 1536w, https:\/\/yavaitcachezmeme.fr\/wp-content\/uploads\/2021\/12\/Autour-de-Broglie-2048x1479.jpg 2048w\" sizes=\"auto, (max-width: 800px) 100vw, 800px\" \/><\/p>\n<p style=\"text-align: justify;\">Je n&rsquo;ai pas oubli\u00e9 <strong>St-Laurent-du-Tencement<\/strong>\u00a0mais pour l&rsquo;instant je n&rsquo;ai rien \u00e0 vous proposer.<\/p>\n<\/div>\n","protected":false},"excerpt":{"rendered":"<p>Situ\u00e9e au Ouest de Broglie, Saint-Jean-du-Thenney recense 249 habitants en 2019 contre 187 en 1921. ~o~ L&rsquo;\u00e9glise La vierge La calvaire \u00c9tiquette de&#8230;<\/p>\n","protected":false},"author":1,"featured_media":0,"parent":5279,"menu_order":552,"comment_status":"closed","ping_status":"closed","template":"","meta":{"footnotes":""},"class_list":["post-8760","page","type-page","status-publish","hentry"],"_links":{"self":[{"href":"https:\/\/yavaitcachezmeme.fr\/index.php\/wp-json\/wp\/v2\/pages\/8760","targetHints":{"allow":["GET"]}}],"collection":[{"href":"https:\/\/yavaitcachezmeme.fr\/index.php\/wp-json\/wp\/v2\/pages"}],"about":[{"href":"https:\/\/yavaitcachezmeme.fr\/index.php\/wp-json\/wp\/v2\/types\/page"}],"author":[{"embeddable":true,"href":"https:\/\/yavaitcachezmeme.fr\/index.php\/wp-json\/wp\/v2\/users\/1"}],"replies":[{"embeddable":true,"href":"https:\/\/yavaitcachezmeme.fr\/index.php\/wp-json\/wp\/v2\/comments?post=8760"}],"version-history":[{"count":9,"href":"https:\/\/yavaitcachezmeme.fr\/index.php\/wp-json\/wp\/v2\/pages\/8760\/revisions"}],"predecessor-version":[{"id":11813,"href":"https:\/\/yavaitcachezmeme.fr\/index.php\/wp-json\/wp\/v2\/pages\/8760\/revisions\/11813"}],"up":[{"embeddable":true,"href":"https:\/\/yavaitcachezmeme.fr\/index.php\/wp-json\/wp\/v2\/pages\/5279"}],"wp:attachment":[{"href":"https:\/\/yavaitcachezmeme.fr\/index.php\/wp-json\/wp\/v2\/media?parent=8760"}],"curies":[{"name":"wp","href":"https:\/\/api.w.org\/{rel}","templated":true}]}}