{"id":99,"date":"2016-01-25T05:48:52","date_gmt":"2016-01-25T04:48:52","guid":{"rendered":"http:\/\/yavaitcachezmeme.fr\/?page_id=99"},"modified":"2024-11-11T07:57:24","modified_gmt":"2024-11-11T06:57:24","slug":"vieux-papiers","status":"publish","type":"page","link":"https:\/\/yavaitcachezmeme.fr\/index.php\/curiosites\/vieux-papiers\/","title":{"rendered":"Vieux papiers"},"content":{"rendered":"<div style=\"font-size: 100%; font-family: georgia;\">\n<p style=\"text-align: left;\"><span style=\"font-size: 120%;\">Cartes postales, buvards, titre de propri\u00e9t\u00e9 : des <span style=\"color: #ff6600;\"><strong>vieux papiers<\/strong><\/span>.<\/span><\/p>\n<p style=\"text-align: center;\"><img loading=\"lazy\" decoding=\"async\" class=\"alignnone wp-image-12422\" src=\"https:\/\/yavaitcachezmeme.fr\/wp-content\/uploads\/2024\/11\/V-P-600x358.png\" alt=\"\" width=\"100\" height=\"60\" srcset=\"https:\/\/yavaitcachezmeme.fr\/wp-content\/uploads\/2024\/11\/V-P-600x358.png 600w, https:\/\/yavaitcachezmeme.fr\/wp-content\/uploads\/2024\/11\/V-P-1024x611.png 1024w, https:\/\/yavaitcachezmeme.fr\/wp-content\/uploads\/2024\/11\/V-P.png 1063w\" sizes=\"auto, (max-width: 100px) 100vw, 100px\" \/><\/p>\n<p><img loading=\"lazy\" decoding=\"async\" class=\"aligncenter wp-image-5164\" src=\"https:\/\/yavaitcachezmeme.fr\/wp-content\/uploads\/2021\/05\/CARTE-BRODEE_V_001.jpg\" alt=\"\" width=\"524\" height=\"824\" srcset=\"https:\/\/yavaitcachezmeme.fr\/wp-content\/uploads\/2021\/05\/CARTE-BRODEE_V_001.jpg 1048w, https:\/\/yavaitcachezmeme.fr\/wp-content\/uploads\/2021\/05\/CARTE-BRODEE_V_001-382x600.jpg 382w, https:\/\/yavaitcachezmeme.fr\/wp-content\/uploads\/2021\/05\/CARTE-BRODEE_V_001-651x1024.jpg 651w, https:\/\/yavaitcachezmeme.fr\/wp-content\/uploads\/2021\/05\/CARTE-BRODEE_V_001-977x1536.jpg 977w\" sizes=\"auto, (max-width: 524px) 100vw, 524px\" \/><\/p>\n<p style=\"text-align: center;\"><span style=\"font-size: 120%;\">Carte brod\u00e9e compl\u00e9t\u00e9e<br \/>\npar une photo de \u00ab\u00a0la belle\u00a0\u00bb<\/span><\/p>\n<p style=\"text-align: center;\"><img loading=\"lazy\" decoding=\"async\" class=\"aligncenter wp-image-5156\" src=\"https:\/\/yavaitcachezmeme.fr\/wp-content\/uploads\/2021\/05\/MUGUET_H_001-recto.jpg\" alt=\"\" width=\"840\" height=\"529\" srcset=\"https:\/\/yavaitcachezmeme.fr\/wp-content\/uploads\/2021\/05\/MUGUET_H_001-recto.jpg 1652w, https:\/\/yavaitcachezmeme.fr\/wp-content\/uploads\/2021\/05\/MUGUET_H_001-recto-600x378.jpg 600w, https:\/\/yavaitcachezmeme.fr\/wp-content\/uploads\/2021\/05\/MUGUET_H_001-recto-1024x645.jpg 1024w, https:\/\/yavaitcachezmeme.fr\/wp-content\/uploads\/2021\/05\/MUGUET_H_001-recto-1536x967.jpg 1536w, https:\/\/yavaitcachezmeme.fr\/wp-content\/uploads\/2021\/05\/MUGUET_H_001-recto-542x340.jpg 542w\" sizes=\"auto, (max-width: 840px) 100vw, 840px\" \/><\/p>\n<p style=\"text-align: center;\"><span style=\"font-size: 120%;\">Carte postale en bois de 1905<\/span><\/p>\n<p><img loading=\"lazy\" decoding=\"async\" class=\"aligncenter wp-image-5163\" src=\"https:\/\/yavaitcachezmeme.fr\/wp-content\/uploads\/2021\/05\/CARTE-BOIS_V_001.jpg\" alt=\"\" width=\"524\" height=\"825\" srcset=\"https:\/\/yavaitcachezmeme.fr\/wp-content\/uploads\/2021\/05\/CARTE-BOIS_V_001.jpg 1036w, https:\/\/yavaitcachezmeme.fr\/wp-content\/uploads\/2021\/05\/CARTE-BOIS_V_001-381x600.jpg 381w, https:\/\/yavaitcachezmeme.fr\/wp-content\/uploads\/2021\/05\/CARTE-BOIS_V_001-650x1024.jpg 650w, https:\/\/yavaitcachezmeme.fr\/wp-content\/uploads\/2021\/05\/CARTE-BOIS_V_001-975x1536.jpg 975w\" sizes=\"auto, (max-width: 524px) 100vw, 524px\" \/><\/p>\n<p style=\"text-align: center;\"><span style=\"font-size: 120%;\">Carte postale en bois &#8211; Tous mes souhaits<\/span><\/p>\n<p><img loading=\"lazy\" decoding=\"async\" class=\"aligncenter wp-image-463 size-full\" src=\"https:\/\/yavaitcachezmeme.fr\/wp-content\/uploads\/2016\/01\/BUVARD_0001-e1454053828333.jpg\" alt=\"\" width=\"800\" height=\"508\" srcset=\"https:\/\/yavaitcachezmeme.fr\/wp-content\/uploads\/2016\/01\/BUVARD_0001-e1454053828333.jpg 800w, https:\/\/yavaitcachezmeme.fr\/wp-content\/uploads\/2016\/01\/BUVARD_0001-e1454053828333-600x381.jpg 600w\" sizes=\"auto, (max-width: 800px) 100vw, 800px\" \/><\/p>\n<p style=\"text-align: center;\"><span style=\"font-size: 120%;\">Buvard &#8211; La Vache s\u00e9rieuse &#8211; Pour les grincheux qui ne mangent pas de Vache qui Rit,<br \/>\nje crois qu&rsquo;il existe aussi la Vache qui pleure et la Vache heureuse. La Vache qui Rit<br \/>\n\u00e9tait la meilleure vente des \u00c9tablissements TERRIER de Bernay dans les ann\u00e9es 50.<\/span><\/p>\n<p><img loading=\"lazy\" decoding=\"async\" class=\"aligncenter wp-image-1045 size-full\" src=\"https:\/\/yavaitcachezmeme.fr\/wp-content\/uploads\/2016\/02\/photo_2-PAVILLY.jpg\" alt=\"\" width=\"818\" height=\"524\" srcset=\"https:\/\/yavaitcachezmeme.fr\/wp-content\/uploads\/2016\/02\/photo_2-PAVILLY.jpg 818w, https:\/\/yavaitcachezmeme.fr\/wp-content\/uploads\/2016\/02\/photo_2-PAVILLY-600x384.jpg 600w\" sizes=\"auto, (max-width: 818px) 100vw, 818px\" \/><\/p>\n<p style=\"text-align: center;\"><span style=\"font-size: 120%;\">M. et Mme TRONEL quincailliers \u00e0 Pavilly (76) posent devant<br \/>\nleur boutique avec leurs employ\u00e9s et un superbe \u00ab\u00a0cycliste\u00a0\u00bb.<\/span><\/p>\n<p><img loading=\"lazy\" decoding=\"async\" class=\"aligncenter wp-image-3570 size-full\" src=\"https:\/\/yavaitcachezmeme.fr\/wp-content\/uploads\/2018\/04\/BOURTH_V_001.jpg\" alt=\"\" width=\"516\" height=\"816\" srcset=\"https:\/\/yavaitcachezmeme.fr\/wp-content\/uploads\/2018\/04\/BOURTH_V_001.jpg 516w, https:\/\/yavaitcachezmeme.fr\/wp-content\/uploads\/2018\/04\/BOURTH_V_001-379x600.jpg 379w\" sizes=\"auto, (max-width: 516px) 100vw, 516px\" \/><\/p>\n<p style=\"text-align: center;\"><span style=\"font-size: 120%;\">Femmes \u00e0 barbe -Les s\u0153urs Fr\u00e9mont de Bourth (Eure)<\/span><\/p>\n<p style=\"text-align: center;\"><img loading=\"lazy\" decoding=\"async\" class=\"aligncenter wp-image-4990\" src=\"https:\/\/yavaitcachezmeme.fr\/wp-content\/uploads\/2020\/08\/Signature_Acte_1585-scaled.jpg\" alt=\"\" width=\"950\" height=\"679\" srcset=\"https:\/\/yavaitcachezmeme.fr\/wp-content\/uploads\/2020\/08\/Signature_Acte_1585-scaled.jpg 2560w, https:\/\/yavaitcachezmeme.fr\/wp-content\/uploads\/2020\/08\/Signature_Acte_1585-scaled-600x429.jpg 600w, https:\/\/yavaitcachezmeme.fr\/wp-content\/uploads\/2020\/08\/Signature_Acte_1585-scaled-1024x732.jpg 1024w, https:\/\/yavaitcachezmeme.fr\/wp-content\/uploads\/2020\/08\/Signature_Acte_1585-scaled-1536x1097.jpg 1536w, https:\/\/yavaitcachezmeme.fr\/wp-content\/uploads\/2020\/08\/Signature_Acte_1585-scaled-2048x1463.jpg 2048w\" sizes=\"auto, (max-width: 950px) 100vw, 950px\" \/><\/p>\n<p style=\"text-align: center;\"><span style=\"font-size: 120%;\">Recueil des signatures d&rsquo;un acte notari\u00e9 de 1585<\/span><\/p>\n<p style=\"text-align: center;\"><img loading=\"lazy\" decoding=\"async\" class=\"alignnone wp-image-12422\" src=\"https:\/\/yavaitcachezmeme.fr\/wp-content\/uploads\/2024\/11\/V-P-600x358.png\" alt=\"\" width=\"100\" height=\"60\" srcset=\"https:\/\/yavaitcachezmeme.fr\/wp-content\/uploads\/2024\/11\/V-P-600x358.png 600w, https:\/\/yavaitcachezmeme.fr\/wp-content\/uploads\/2024\/11\/V-P-1024x611.png 1024w, https:\/\/yavaitcachezmeme.fr\/wp-content\/uploads\/2024\/11\/V-P.png 1063w\" sizes=\"auto, (max-width: 100px) 100vw, 100px\" \/><\/p>\n<p style=\"text-align: justify;\"><span style=\"font-size: 120%;\">Les th\u00e8mes de la rubrique <span style=\"color: #ff6600;\"><strong>curiosit\u00e9s<\/strong><\/span> sont \u00e0 visiter en cliquant sur les liens suivants :<\/span><\/p>\n<p style=\"text-align: justify;\"><span style=\"font-size: 120%;\"><strong><a href=\"https:\/\/yavaitcachezmeme.fr\/index.php\/curiosites\/art-populaire-interieur\/\">Art populaire domestique<\/a> &#8211; <a href=\"https:\/\/yavaitcachezmeme.fr\/index.php\/curiosites\/art-populaire-exterieur\/\">Art populaire professionnel<\/a> &#8211; <a href=\"https:\/\/yavaitcachezmeme.fr\/index.php\/curiosites\/graines-noix-noyaux\/\">Graines, noix &amp; noyaux<\/a>\u00a0 &#8211; <a href=\"https:\/\/yavaitcachezmeme.fr\/index.php\/curiosites\/art-de-tranchee\/\">Art de tranch\u00e9e et Conscription<\/a>\u00a0&#8211; <a href=\"http:\/\/yavaitcachezmeme.fr\/index.php\/curiosites\/cabinet-de-curiostes\/\">Cabinet de curiosit\u00e9s<\/a>\u00a0 &#8211; \u00a0<a href=\"http:\/\/yavaitcachezmeme.fr\/index.php\/curiosites\/d-ici-et-d-ailleurs\/\">D&rsquo;ici et d&rsquo;ailleurs<\/a>\u00a0 &#8211; <a href=\"https:\/\/yavaitcachezmeme.fr\/index.php\/curiosites\/germaine-bouret\/\">Germaine Bouret<\/a> &#8211; \u00a0<a href=\"http:\/\/yavaitcachezmeme.fr\/index.php\/curiosites\/poteries-normandes\/\">Poteries Normandes<\/a>\u00a0 &#8211; \u00a0<a href=\"http:\/\/yavaitcachezmeme.fr\/index.php\/curiosites\/vieux-papiers\/\">Vieux Papiers<\/a><\/strong><\/span><\/p>\n<div style=\"font-size: 100%; font-family: georgia; text-align: justify;\"><a href=\"https:\/\/yavaitcachezmeme.fr\/\"><img loading=\"lazy\" decoding=\"async\" class=\"aligncenter wp-image-5243\" src=\"https:\/\/yavaitcachezmeme.fr\/wp-content\/uploads\/2024\/11\/Marque-b.png\" alt=\"\" width=\"25\" height=\"43\" \/><\/a><\/div>\n<\/div>\n","protected":false},"excerpt":{"rendered":"<p>Cartes postales, buvards, titre de propri\u00e9t\u00e9 : des vieux papiers. Carte brod\u00e9e compl\u00e9t\u00e9e par une photo de \u00ab\u00a0la belle\u00a0\u00bb Carte postale en bois&#8230;<\/p>\n","protected":false},"author":1,"featured_media":0,"parent":97,"menu_order":80,"comment_status":"closed","ping_status":"closed","template":"","meta":{"footnotes":""},"class_list":["post-99","page","type-page","status-publish","hentry"],"_links":{"self":[{"href":"https:\/\/yavaitcachezmeme.fr\/index.php\/wp-json\/wp\/v2\/pages\/99","targetHints":{"allow":["GET"]}}],"collection":[{"href":"https:\/\/yavaitcachezmeme.fr\/index.php\/wp-json\/wp\/v2\/pages"}],"about":[{"href":"https:\/\/yavaitcachezmeme.fr\/index.php\/wp-json\/wp\/v2\/types\/page"}],"author":[{"embeddable":true,"href":"https:\/\/yavaitcachezmeme.fr\/index.php\/wp-json\/wp\/v2\/users\/1"}],"replies":[{"embeddable":true,"href":"https:\/\/yavaitcachezmeme.fr\/index.php\/wp-json\/wp\/v2\/comments?post=99"}],"version-history":[{"count":56,"href":"https:\/\/yavaitcachezmeme.fr\/index.php\/wp-json\/wp\/v2\/pages\/99\/revisions"}],"predecessor-version":[{"id":12429,"href":"https:\/\/yavaitcachezmeme.fr\/index.php\/wp-json\/wp\/v2\/pages\/99\/revisions\/12429"}],"up":[{"embeddable":true,"href":"https:\/\/yavaitcachezmeme.fr\/index.php\/wp-json\/wp\/v2\/pages\/97"}],"wp:attachment":[{"href":"https:\/\/yavaitcachezmeme.fr\/index.php\/wp-json\/wp\/v2\/media?parent=99"}],"curies":[{"name":"wp","href":"https:\/\/api.w.org\/{rel}","templated":true}]}}